{"id":976,"date":"2022-11-13T14:32:42","date_gmt":"2022-11-13T19:32:42","guid":{"rendered":"https:\/\/hasc.mysites.io\/?page_id=976"},"modified":"2025-04-11T10:00:54","modified_gmt":"2025-04-11T14:00:54","slug":"resources-financial","status":"publish","type":"page","link":"https:\/\/hispanicalliancesc.com\/es\/resources-financial\/","title":{"rendered":"Recursos Financieros"},"content":{"rendered":"<div data-elementor-type=\"wp-page\" data-elementor-id=\"976\" class=\"elementor elementor-976\" data-elementor-post-type=\"page\">\n\t\t\t\t<div class=\"elementor-element elementor-element-c7f29bf e-flex e-con-boxed e-con e-parent\" data-id=\"c7f29bf\" data-element_type=\"container\" data-e-type=\"container\" data-settings=\"{&quot;jet_parallax_layout_list&quot;:[]}\">\n\t\t\t\t\t<div class=\"e-con-inner\">\n\t\t<div class=\"elementor-element elementor-element-00a1325 e-con-full e-flex e-con e-child\" data-id=\"00a1325\" data-element_type=\"container\" data-e-type=\"container\" data-settings=\"{&quot;jet_parallax_layout_list&quot;:[]}\">\n\t\t\t\t<div class=\"elementor-element elementor-element-c3bb300 elementor-widget elementor-widget-text-editor\" data-id=\"c3bb300\" data-element_type=\"widget\" data-e-type=\"widget\" data-widget_type=\"text-editor.default\">\n\t\t\t\t<div class=\"elementor-widget-container\">\n\t\t\t\t\t\t\t\t\t<h4 class=\"font_8\"><strong>\u200bAsistencia de alquiler y servicios p\u00fablicos<\/strong><\/h4><ul class=\"font_8\"><li><p class=\"font_8\">Hemos compilado una lista de organizaciones en Greenville y las \u00e1reas circundantes que brindan apoyo financiero para cubrir el alquiler y la asistencia de servicios p\u00fablicos durante un momento de necesidad. Por favor, eche un vistazo a la lista y sus requisitos. Le animamos a ponerse en contacto con ellos directamente si tiene alguna pregunta.\u00a0<\/p><ul><li><p class=\"font_8\"><a href=\"https:\/\/docs.google.com\/document\/d\/11_GHodm_T7dmlzuA5H6fXLyQkYRf3ZDj_PB_c7QH3TA\/edit?usp=sharing\" target=\"_blank\" rel=\"noreferrer noopener\">Lista en ingl\u00e9s<\/a>\u00a0|\u00a0<a href=\"https:\/\/docs.google.com\/document\/d\/18q4HfxTfr9ODZogQpfR4kJBOpkN9hhGdHmSNlJ2-Pq0\/edit?usp=sharing\" target=\"_blank\" rel=\"noreferrer noopener\">Lista en ingl\u00e9s<\/a>\u200b<\/p><\/li><\/ul><\/li><\/ul>\t\t\t\t\t\t\t\t<\/div>\n\t\t\t\t<\/div>\n\t\t\t\t<div class=\"elementor-element elementor-element-4a41011 elementor-widget-divider--view-line elementor-widget elementor-widget-divider\" data-id=\"4a41011\" data-element_type=\"widget\" data-e-type=\"widget\" data-widget_type=\"divider.default\">\n\t\t\t\t<div class=\"elementor-widget-container\">\n\t\t\t\t\t\t\t<div class=\"elementor-divider\">\n\t\t\t<span class=\"elementor-divider-separator\">\n\t\t\t\t\t\t<\/span>\n\t\t<\/div>\n\t\t\t\t\t\t<\/div>\n\t\t\t\t<\/div>\n\t\t\t\t<div class=\"elementor-element elementor-element-8559b01 elementor-widget elementor-widget-text-editor\" data-id=\"8559b01\" data-element_type=\"widget\" data-e-type=\"widget\" data-widget_type=\"text-editor.default\">\n\t\t\t\t<div class=\"elementor-widget-container\">\n\t\t\t\t\t\t\t\t\t<h4 class=\"font_8\"><strong>Programa de inquilinos<\/strong><\/h4><ul class=\"font_8\"><li><p class=\"font_8\">El programa SC Stay Plus tiene una aplicaci\u00f3n nueva y m\u00e1s sencilla y aceptar\u00e1 inquilinos con identificaciones extranjeras. Este es un programa de asistencia de alquiler y servicios p\u00fablicos que se lanz\u00f3 en mayo de 2021, para ayudar a quienes est\u00e1n experimentando dificultades financieras y desaf\u00edos de vivienda como resultado del COVID-19.<\/p><ul><li><p class=\"font_8\"><a href=\"https:\/\/www.schousing.com\/home\/SC-Stay-Plus\" target=\"_blank\" rel=\"noreferrer noopener\">Haga clic aqu\u00ed para m\u00e1s informaci\u00f3n<\/a>\u200b<\/p><\/li><\/ul><\/li><\/ul>\t\t\t\t\t\t\t\t<\/div>\n\t\t\t\t<\/div>\n\t\t\t\t<div class=\"elementor-element elementor-element-ca25ee0 elementor-widget-divider--view-line elementor-widget elementor-widget-divider\" data-id=\"ca25ee0\" data-element_type=\"widget\" data-e-type=\"widget\" data-widget_type=\"divider.default\">\n\t\t\t\t<div class=\"elementor-widget-container\">\n\t\t\t\t\t\t\t<div class=\"elementor-divider\">\n\t\t\t<span class=\"elementor-divider-separator\">\n\t\t\t\t\t\t<\/span>\n\t\t<\/div>\n\t\t\t\t\t\t<\/div>\n\t\t\t\t<\/div>\n\t\t\t\t<div class=\"elementor-element elementor-element-31881ef elementor-widget elementor-widget-text-editor\" data-id=\"31881ef\" data-element_type=\"widget\" data-e-type=\"widget\" data-widget_type=\"text-editor.default\">\n\t\t\t\t<div class=\"elementor-widget-container\">\n\t\t\t\t\t\t\t\t\t<h4 class=\"font_8\"><strong>Programa de propietario de vivienda<\/strong><\/h4><ul class=\"font_8\"><li><p class=\"font_8\">El Programa de Rescate para Propietarios de Viviendas de Carolina del Sur (SC HRP) es un programa financiado por el gobierno federal establecido para brindar asistencia financiera a los propietarios de viviendas elegibles que experimentan dificultades financieras relacionadas con la pandemia que comenzaron antes del 21 de enero de 2020, y continuaron despu\u00e9s de esa fecha. Este programa se ejecuta hasta el 30 de septiembre de 2026, o mientras haya fondos disponibles.<\/p><ul><li><p class=\"font_8\"><a href=\"https:\/\/www.schousing.com\/home\/SC-Homeowner-Rescue\" target=\"_blank\" rel=\"noreferrer noopener\">Haga clic aqu\u00ed para m\u00e1s informaci\u00f3n<\/a><\/p><\/li><\/ul><\/li><\/ul>\t\t\t\t\t\t\t\t<\/div>\n\t\t\t\t<\/div>\n\t\t\t\t<\/div>\n\t\t\t\t\t<\/div>\n\t\t\t\t<\/div>\n\t\t\t\t<\/div>","protected":false},"excerpt":{"rendered":"<p>Una lista de servicios y recursos financieros en el norte del estado de Carolina del Sur para garantizar la calidad de vida y la igualdad de la poblaci\u00f3n hispana.<\/p>","protected":false},"author":1,"featured_media":0,"parent":0,"menu_order":0,"comment_status":"closed","ping_status":"closed","template":"","meta":{"_acf_changed":false,"footnotes":""},"main-page-type":[45],"class_list":["post-976","page","type-page","status-publish","hentry","main-page-type-resources-pages"],"acf":[],"_links":{"self":[{"href":"https:\/\/hispanicalliancesc.com\/es\/wp-json\/wp\/v2\/pages\/976","targetHints":{"allow":["GET"]}}],"collection":[{"href":"https:\/\/hispanicalliancesc.com\/es\/wp-json\/wp\/v2\/pages"}],"about":[{"href":"https:\/\/hispanicalliancesc.com\/es\/wp-json\/wp\/v2\/types\/page"}],"author":[{"embeddable":true,"href":"https:\/\/hispanicalliancesc.com\/es\/wp-json\/wp\/v2\/users\/1"}],"replies":[{"embeddable":true,"href":"https:\/\/hispanicalliancesc.com\/es\/wp-json\/wp\/v2\/comments?post=976"}],"version-history":[{"count":0,"href":"https:\/\/hispanicalliancesc.com\/es\/wp-json\/wp\/v2\/pages\/976\/revisions"}],"wp:attachment":[{"href":"https:\/\/hispanicalliancesc.com\/es\/wp-json\/wp\/v2\/media?parent=976"}],"wp:term":[{"taxonomy":"main-page-type","embeddable":true,"href":"https:\/\/hispanicalliancesc.com\/es\/wp-json\/wp\/v2\/main-page-type?post=976"}],"curies":[{"name":"wp","href":"https:\/\/api.w.org\/{rel}","templated":true}]}}