{"id":2435,"date":"2022-12-14T09:27:24","date_gmt":"2022-12-14T14:27:24","guid":{"rendered":"https:\/\/hasc.mysites.io\/?page_id=2435"},"modified":"2023-12-27T09:41:49","modified_gmt":"2023-12-27T14:41:49","slug":"team-amigos","status":"publish","type":"page","link":"https:\/\/hispanicalliancesc.com\/es\/team-amigos\/","title":{"rendered":"Equipo Amigos"},"content":{"rendered":"<div data-elementor-type=\"wp-page\" data-elementor-id=\"2435\" class=\"elementor elementor-2435\" data-elementor-post-type=\"page\">\n\t\t\t\t<div class=\"elementor-element elementor-element-0d46a27 e-flex e-con-boxed e-con e-parent\" data-id=\"0d46a27\" data-element_type=\"container\" data-e-type=\"container\" data-settings=\"{&quot;background_background&quot;:&quot;classic&quot;,&quot;jet_parallax_layout_list&quot;:[]}\">\n\t\t\t\t\t<div class=\"e-con-inner\">\n\t\t<div class=\"elementor-element elementor-element-8730595 e-con-full e-flex e-con e-child\" data-id=\"8730595\" data-element_type=\"container\" data-e-type=\"container\" data-settings=\"{&quot;jet_parallax_layout_list&quot;:[]}\">\n\t\t\t\t<div class=\"elementor-element elementor-element-6fac23c elementor-widget elementor-widget-image\" data-id=\"6fac23c\" data-element_type=\"widget\" data-e-type=\"widget\" data-widget_type=\"image.default\">\n\t\t\t\t<div class=\"elementor-widget-container\">\n\t\t\t\t\t\t\t\t\t\t\t\t\t\t\t<img fetchpriority=\"high\" decoding=\"async\" width=\"986\" height=\"320\" src=\"https:\/\/hispanicalliancesc.com\/wp-content\/uploads\/2022\/12\/TeamAmigos.webp\" class=\"attachment-full size-full wp-image-2437\" alt=\"\" srcset=\"https:\/\/hispanicalliancesc.com\/wp-content\/uploads\/2022\/12\/TeamAmigos.webp 986w, https:\/\/hispanicalliancesc.com\/wp-content\/uploads\/2022\/12\/TeamAmigos-300x97.webp 300w, https:\/\/hispanicalliancesc.com\/wp-content\/uploads\/2022\/12\/TeamAmigos-768x249.webp 768w, https:\/\/hispanicalliancesc.com\/wp-content\/uploads\/2022\/12\/TeamAmigos-18x6.webp 18w\" sizes=\"(max-width: 986px) 100vw, 986px\" \/>\t\t\t\t\t\t\t\t\t\t\t\t\t\t\t<\/div>\n\t\t\t\t<\/div>\n\t\t\t\t<div class=\"elementor-element elementor-element-079bffd elementor-widget elementor-widget-image\" data-id=\"079bffd\" data-element_type=\"widget\" data-e-type=\"widget\" data-widget_type=\"image.default\">\n\t\t\t\t<div class=\"elementor-widget-container\">\n\t\t\t\t\t\t\t\t\t\t\t\t\t\t\t<img decoding=\"async\" width=\"417\" height=\"8\" data-src=\"https:\/\/hispanicalliancesc.com\/wp-content\/uploads\/2022\/10\/HA-Line-Right.svg\" class=\"attachment-large size-large wp-image-84 lazyload\" alt=\"\" src=\"data:image\/svg+xml;base64,PHN2ZyB3aWR0aD0iMSIgaGVpZ2h0PSIxIiB4bWxucz0iaHR0cDovL3d3dy53My5vcmcvMjAwMC9zdmciPjwvc3ZnPg==\" style=\"--smush-placeholder-width: 417px; --smush-placeholder-aspect-ratio: 417\/8;\" \/>\t\t\t\t\t\t\t\t\t\t\t\t\t\t\t<\/div>\n\t\t\t\t<\/div>\n\t\t\t\t<div class=\"elementor-element elementor-element-11a038f elementor-widget elementor-widget-text-editor\" data-id=\"11a038f\" data-element_type=\"widget\" data-e-type=\"widget\" data-widget_type=\"text-editor.default\">\n\t\t\t\t<div class=\"elementor-widget-container\">\n\t\t\t\t\t\t\t\t\t<p>Creemos que todos pertenecen a la Alianza Hispana, como parte de nuestra familia, como parte de nuestro equipo.<\/p><p>Creemos que todo el mundo puede defender algo y que eso podr\u00eda cambiarlo todo.<\/p><p>Team Amigos es una nueva forma de dar, pertenecer y defender a nuestras familias hispanas. Invitamos a nuestros amigos a unirse a nuestra familia generosa como amigo, como parte de nuestro &quot;Equipo Amigos&quot;. Team Amigos es una comunidad de donantes mensuales que se preocupan por la comunidad hispana y est\u00e1n dispuestos a brindar su apoyo al valioso trabajo de la Alianza Hispana, mes tras mes.<\/p><p>\u00a1Es f\u00e1cil y divertido unirse! Tu inversi\u00f3n mensual estar\u00e1 automatizada, por lo que es una cosa menos en la que pensar. \u00a1Y solo necesitas $20.20\/mes para unirte en 2020! Adem\u00e1s de pertenecer a nuestro equipo de inversionistas, tambi\u00e9n recibir\u00e1s un marco de perfil de Facebook y una calcoman\u00eda de Alianza Hispana para tu botella de agua, tu computadora port\u00e1til o tu refrigerador.<\/p>\t\t\t\t\t\t\t\t<\/div>\n\t\t\t\t<\/div>\n\t\t\t\t<\/div>\n\t\t<div class=\"elementor-element elementor-element-e778a7e e-con-full e-flex e-con e-child\" data-id=\"e778a7e\" data-element_type=\"container\" data-e-type=\"container\" data-settings=\"{&quot;jet_parallax_layout_list&quot;:[]}\">\n\t\t\t\t<\/div>\n\t\t<div class=\"elementor-element elementor-element-bf0a1a9 e-con-full e-flex e-con e-child\" data-id=\"bf0a1a9\" data-element_type=\"container\" data-e-type=\"container\" data-settings=\"{&quot;background_background&quot;:&quot;classic&quot;,&quot;jet_parallax_layout_list&quot;:[]}\">\n\t\t\t\t<div class=\"elementor-element elementor-element-377b9ed elementor-widget elementor-widget-html\" data-id=\"377b9ed\" data-element_type=\"widget\" data-e-type=\"widget\" data-widget_type=\"html.default\">\n\t\t\t\t<div class=\"elementor-widget-container\">\n\t\t\t\t\t<script type=\"text\/JavaScript\" src=\"\/\/app.etapestry.com\/hosted\/eTapestry.com\/etapEmbedResponsiveResizing.js\"><\/script><iframe id=\"etapIframe\" class=\"eTapAmigos lazyload\" style=\"border:none;width:100%;\" data-src=\"https:\/\/app.etapestry.com\/onlineforms\/AlianzaHispana-HispanicAllian\/amigos.html\" src=\"data:image\/svg+xml;base64,PHN2ZyB3aWR0aD0iMSIgaGVpZ2h0PSIxIiB4bWxucz0iaHR0cDovL3d3dy53My5vcmcvMjAwMC9zdmciPjwvc3ZnPg==\" data-load-mode=\"1\"><\/iframe>\t\t\t\t<\/div>\n\t\t\t\t<\/div>\n\t\t\t\t<\/div>\n\t\t\t\t\t<\/div>\n\t\t\t\t<\/div>\n\t\t\t\t<\/div>","protected":false},"excerpt":{"rendered":"<p>We believe that everyone belongs in the Hispanic Alliance, as part of our familia &#8212; as part of our team. We believe that everybody can stand for something, and it might just change everything. Team Amigos is a new way to give, to belong, and to take a stand for our Hispanic families. We invite [&hellip;]<\/p>\n","protected":false},"author":1,"featured_media":0,"parent":0,"menu_order":0,"comment_status":"closed","ping_status":"closed","template":"","meta":{"_acf_changed":false,"footnotes":""},"main-page-type":[],"class_list":["post-2435","page","type-page","status-publish","hentry"],"acf":[],"_links":{"self":[{"href":"https:\/\/hispanicalliancesc.com\/es\/wp-json\/wp\/v2\/pages\/2435","targetHints":{"allow":["GET"]}}],"collection":[{"href":"https:\/\/hispanicalliancesc.com\/es\/wp-json\/wp\/v2\/pages"}],"about":[{"href":"https:\/\/hispanicalliancesc.com\/es\/wp-json\/wp\/v2\/types\/page"}],"author":[{"embeddable":true,"href":"https:\/\/hispanicalliancesc.com\/es\/wp-json\/wp\/v2\/users\/1"}],"replies":[{"embeddable":true,"href":"https:\/\/hispanicalliancesc.com\/es\/wp-json\/wp\/v2\/comments?post=2435"}],"version-history":[{"count":0,"href":"https:\/\/hispanicalliancesc.com\/es\/wp-json\/wp\/v2\/pages\/2435\/revisions"}],"wp:attachment":[{"href":"https:\/\/hispanicalliancesc.com\/es\/wp-json\/wp\/v2\/media?parent=2435"}],"wp:term":[{"taxonomy":"main-page-type","embeddable":true,"href":"https:\/\/hispanicalliancesc.com\/es\/wp-json\/wp\/v2\/main-page-type?post=2435"}],"curies":[{"name":"wp","href":"https:\/\/api.w.org\/{rel}","templated":true}]}}