{"id":2373,"date":"2022-12-14T09:10:33","date_gmt":"2022-12-14T14:10:33","guid":{"rendered":"https:\/\/hasc.mysites.io\/?page_id=2373"},"modified":"2025-06-18T08:44:19","modified_gmt":"2025-06-18T12:44:19","slug":"resources-data","status":"publish","type":"page","link":"https:\/\/hispanicalliancesc.com\/es\/resources-data\/","title":{"rendered":"Datos e investigaci\u00f3n"},"content":{"rendered":"<div data-elementor-type=\"wp-page\" data-elementor-id=\"2373\" class=\"elementor elementor-2373\" data-elementor-post-type=\"page\">\n\t\t\t\t<div class=\"elementor-element elementor-element-0f62592 e-flex e-con-boxed e-con e-child\" data-id=\"0f62592\" data-element_type=\"container\" data-e-type=\"container\" data-settings=\"{&quot;jet_parallax_layout_list&quot;:[]}\">\n\t\t\t\t\t<div class=\"e-con-inner\">\n\t\t\t\t<div class=\"elementor-element elementor-element-715258d elementor-widget elementor-widget-text-editor\" data-id=\"715258d\" data-element_type=\"widget\" data-e-type=\"widget\" data-widget_type=\"text-editor.default\">\n\t\t\t\t<div class=\"elementor-widget-container\">\n\t\t\t\t\t\t\t\t\t<h4 class=\"font_8\"><strong>Or\u00edgenes Nacionales Hispanos\/Latinos, Estado de Ciudadan\u00eda<\/strong><\/h4><ul class=\"font_8\"><li><p class=\"font_8\">El informe de origen nacional, estado de ciudadan\u00eda e ingresos de los hispanos\/latinos, preparado por el pasante Mateo Pierce-Mosquera y el director de investigaci\u00f3n, el Dr. Robert P. Fenton, provee datos pertinentes sobre la creciente comunidad hispana\/latina del estado, particularmente en torno al tema de la ciudadan\u00eda y los ingresos. .<\/p><ul><li><p class=\"font_8\"><a href=\"https:\/\/drive.google.com\/file\/d\/1Jjm_WA2tiC3f_obV_7t7TzyJ9gY59EJq\/view\" target=\"_blank\" rel=\"noreferrer noopener\">Haga clic aqu\u00ed para ver la lista completa<\/a><\/p><\/li><\/ul><\/li><\/ul>\t\t\t\t\t\t\t\t<\/div>\n\t\t\t\t<\/div>\n\t\t<div class=\"elementor-element elementor-element-fd479f1 e-con-full e-flex e-con e-child\" data-id=\"fd479f1\" data-element_type=\"container\" data-e-type=\"container\" data-settings=\"{&quot;jet_parallax_layout_list&quot;:[]}\">\n\t\t<div class=\"elementor-element elementor-element-aa9eede e-con-full e-flex e-con e-child\" data-id=\"aa9eede\" data-element_type=\"container\" data-e-type=\"container\" data-settings=\"{&quot;jet_parallax_layout_list&quot;:[]}\">\n\t\t\t\t<div class=\"elementor-element elementor-element-864394c elementor-widget elementor-widget-image\" data-id=\"864394c\" data-element_type=\"widget\" data-e-type=\"widget\" data-widget_type=\"image.default\">\n\t\t\t\t<div class=\"elementor-widget-container\">\n\t\t\t\t\t\t\t\t\t\t\t\t\t\t\t\t<a href=\"https:\/\/hispanicalliancesc.com\/es\/lostimpact\/\">\n\t\t\t\t\t\t\t<img fetchpriority=\"high\" decoding=\"async\" width=\"613\" height=\"609\" src=\"https:\/\/hispanicalliancesc.com\/wp-content\/uploads\/2024\/05\/24_Whitepaper_Cover_Mockup.png\" class=\"attachment-large size-large wp-image-9077\" alt=\"\" srcset=\"https:\/\/hispanicalliancesc.com\/wp-content\/uploads\/2024\/05\/24_Whitepaper_Cover_Mockup.png 613w, https:\/\/hispanicalliancesc.com\/wp-content\/uploads\/2024\/05\/24_Whitepaper_Cover_Mockup-300x298.png 300w, https:\/\/hispanicalliancesc.com\/wp-content\/uploads\/2024\/05\/24_Whitepaper_Cover_Mockup-150x150.png 150w, https:\/\/hispanicalliancesc.com\/wp-content\/uploads\/2024\/05\/24_Whitepaper_Cover_Mockup-12x12.png 12w\" sizes=\"(max-width: 613px) 100vw, 613px\" \/>\t\t\t\t\t\t\t\t<\/a>\n\t\t\t\t\t\t\t\t\t\t\t\t\t\t\t<\/div>\n\t\t\t\t<\/div>\n\t\t\t\t<\/div>\n\t\t<div class=\"elementor-element elementor-element-eb6420c e-con-full e-flex e-con e-child\" data-id=\"eb6420c\" data-element_type=\"container\" data-e-type=\"container\" data-settings=\"{&quot;jet_parallax_layout_list&quot;:[]}\">\n\t\t\t\t<div class=\"elementor-element elementor-element-7bd7fdb elementor-widget elementor-widget-text-editor\" data-id=\"7bd7fdb\" data-element_type=\"widget\" data-e-type=\"widget\" data-widget_type=\"text-editor.default\">\n\t\t\t\t<div class=\"elementor-widget-container\">\n\t\t\t\t\t\t\t\t\t<h4 class=\"font_8\"><strong>El impacto econ\u00f3mico perdido de los estudiantes elegibles para DACA en Carolina del Sur<\/strong><\/h4><p class=\"font_8\"><a href=\"https:\/\/hispanicalliancesc.com\/es\/lostimpact\/\">Lea el informe<\/a><\/p>\t\t\t\t\t\t\t\t<\/div>\n\t\t\t\t<\/div>\n\t\t\t\t<div class=\"elementor-element elementor-element-977d8f5 elementor-widget elementor-widget-text-editor\" data-id=\"977d8f5\" data-element_type=\"widget\" data-e-type=\"widget\" data-widget_type=\"text-editor.default\">\n\t\t\t\t<div class=\"elementor-widget-container\">\n\t\t\t\t\t\t\t\t\t<p>El 25 de marzo en Greenville se dio a conocer al p\u00fablico un informe escrito por investigadores de la Universidad de Clemson que explora el impacto econ\u00f3mico de permitir que los trabajadores presentes legalmente reciban licencias ocupacionales y profesionales en varios sectores. Organizado conjuntamente por Alianza Hispana y Ten at the Top, el evento Allied4Work tambi\u00e9n incluy\u00f3 una descripci\u00f3n general del Proyecto de Ley 3288 de la C\u00e1mara de Representantes de Carolina del Sur y un panel de discusi\u00f3n sobre las oportunidades y desaf\u00edos para la fuerza laboral legalmente presente en Carolina del Sur.<\/p>\t\t\t\t\t\t\t\t<\/div>\n\t\t\t\t<\/div>\n\t\t\t\t<\/div>\n\t\t\t\t<\/div>\n\t\t<div class=\"elementor-element elementor-element-ee5c610 e-con-full e-flex e-con e-child\" data-id=\"ee5c610\" data-element_type=\"container\" data-e-type=\"container\" data-settings=\"{&quot;jet_parallax_layout_list&quot;:[]}\">\n\t\t<div class=\"elementor-element elementor-element-03fdcf1 e-con-full e-flex e-con e-child\" data-id=\"03fdcf1\" data-element_type=\"container\" data-e-type=\"container\" data-settings=\"{&quot;jet_parallax_layout_list&quot;:[]}\">\n\t\t\t\t<div class=\"elementor-element elementor-element-a2e369b elementor-widget elementor-widget-image\" data-id=\"a2e369b\" data-element_type=\"widget\" data-e-type=\"widget\" data-widget_type=\"image.default\">\n\t\t\t\t<div class=\"elementor-widget-container\">\n\t\t\t\t\t\t\t\t\t\t\t\t\t\t\t\t<a href=\"https:\/\/hispanicalliancesc.com\/es\/allied4health\/\">\n\t\t\t\t\t\t\t<img decoding=\"async\" width=\"800\" height=\"791\" data-src=\"https:\/\/hispanicalliancesc.com\/wp-content\/uploads\/2024\/08\/24_HealthStudy_Cover_Mockup-1024x1013.png\" class=\"attachment-large size-large wp-image-9382 lazyload\" alt=\"\" data-srcset=\"https:\/\/hispanicalliancesc.com\/wp-content\/uploads\/2024\/08\/24_HealthStudy_Cover_Mockup-1024x1013.png 1024w, https:\/\/hispanicalliancesc.com\/wp-content\/uploads\/2024\/08\/24_HealthStudy_Cover_Mockup-300x297.png 300w, https:\/\/hispanicalliancesc.com\/wp-content\/uploads\/2024\/08\/24_HealthStudy_Cover_Mockup-768x760.png 768w, https:\/\/hispanicalliancesc.com\/wp-content\/uploads\/2024\/08\/24_HealthStudy_Cover_Mockup-1536x1519.png 1536w, https:\/\/hispanicalliancesc.com\/wp-content\/uploads\/2024\/08\/24_HealthStudy_Cover_Mockup-12x12.png 12w, https:\/\/hispanicalliancesc.com\/wp-content\/uploads\/2024\/08\/24_HealthStudy_Cover_Mockup.png 2026w\" data-sizes=\"auto\" src=\"data:image\/svg+xml;base64,PHN2ZyB3aWR0aD0iMSIgaGVpZ2h0PSIxIiB4bWxucz0iaHR0cDovL3d3dy53My5vcmcvMjAwMC9zdmciPjwvc3ZnPg==\" style=\"--smush-placeholder-width: 800px; --smush-placeholder-aspect-ratio: 800\/791;\" data-original-sizes=\"(max-width: 800px) 100vw, 800px\" \/>\t\t\t\t\t\t\t\t<\/a>\n\t\t\t\t\t\t\t\t\t\t\t\t\t\t\t<\/div>\n\t\t\t\t<\/div>\n\t\t\t\t<\/div>\n\t\t<div class=\"elementor-element elementor-element-a31ef02 e-con-full e-flex e-con e-child\" data-id=\"a31ef02\" data-element_type=\"container\" data-e-type=\"container\" data-settings=\"{&quot;jet_parallax_layout_list&quot;:[]}\">\n\t\t\t\t<div class=\"elementor-element elementor-element-26a2b46 elementor-widget elementor-widget-text-editor\" data-id=\"26a2b46\" data-element_type=\"widget\" data-e-type=\"widget\" data-widget_type=\"text-editor.default\">\n\t\t\t\t<div class=\"elementor-widget-container\">\n\t\t\t\t\t\t\t\t\t<h4 class=\"font_8\"><strong>Estudio de salud hispana de Greenville<\/strong><\/h4><p class=\"font_8\"><a href=\"https:\/\/hispanicalliancesc.com\/es\/allied4health\/\">Lea el informe<\/a><\/p>\t\t\t\t\t\t\t\t<\/div>\n\t\t\t\t<\/div>\n\t\t\t\t<div class=\"elementor-element elementor-element-b4e0347 elementor-widget elementor-widget-text-editor\" data-id=\"b4e0347\" data-element_type=\"widget\" data-e-type=\"widget\" data-widget_type=\"text-editor.default\">\n\t\t\t\t<div class=\"elementor-widget-container\">\n\t\t\t\t\t\t\t\t\t<p>El Estudio de Salud Hispana de Greenville, una colaboraci\u00f3n entre Bon Secours St. Francis Health System, Clemson University, Piedmont Health Foundation y la Alianza Hispana, examin\u00f3 la salud mental, los comportamientos de b\u00fasqueda de atenci\u00f3n m\u00e9dica de rutina y las percepciones de atenci\u00f3n culturalmente competente entre los residentes que se identificaron como Hispano que vive en el condado de Greenville. Los socios buscaron comprender las experiencias m\u00e1s amplias de los residentes hispanos en el condado de Greenville, ya que a menudo est\u00e1n subrepresentados en las evaluaciones de necesidades de salud y equidad en todo el condado.<\/p>\t\t\t\t\t\t\t\t<\/div>\n\t\t\t\t<\/div>\n\t\t\t\t<\/div>\n\t\t\t\t<\/div>\n\t\t<div class=\"elementor-element elementor-element-fc92736 e-con-full e-flex e-con e-child\" data-id=\"fc92736\" data-element_type=\"container\" data-e-type=\"container\" data-settings=\"{&quot;jet_parallax_layout_list&quot;:[]}\">\n\t\t<div class=\"elementor-element elementor-element-8ca6a93 e-con-full e-flex e-con e-child\" data-id=\"8ca6a93\" data-element_type=\"container\" data-e-type=\"container\" data-settings=\"{&quot;jet_parallax_layout_list&quot;:[]}\">\n\t\t\t\t<div class=\"elementor-element elementor-element-3f780ce elementor-widget elementor-widget-image\" data-id=\"3f780ce\" data-element_type=\"widget\" data-e-type=\"widget\" data-widget_type=\"image.default\">\n\t\t\t\t<div class=\"elementor-widget-container\">\n\t\t\t\t\t\t\t\t\t\t\t\t\t\t\t\t<a href=\"https:\/\/hispanicalliancesc.com\/es\/allied4art\/\">\n\t\t\t\t\t\t\t<img decoding=\"async\" width=\"800\" height=\"791\" data-src=\"https:\/\/hispanicalliancesc.com\/wp-content\/uploads\/2024\/08\/24_Arts_Assesment_Mockup-1024x1013.png\" class=\"attachment-large size-large wp-image-9383 lazyload\" alt=\"\" data-srcset=\"https:\/\/hispanicalliancesc.com\/wp-content\/uploads\/2024\/08\/24_Arts_Assesment_Mockup-1024x1013.png 1024w, https:\/\/hispanicalliancesc.com\/wp-content\/uploads\/2024\/08\/24_Arts_Assesment_Mockup-300x297.png 300w, https:\/\/hispanicalliancesc.com\/wp-content\/uploads\/2024\/08\/24_Arts_Assesment_Mockup-768x760.png 768w, https:\/\/hispanicalliancesc.com\/wp-content\/uploads\/2024\/08\/24_Arts_Assesment_Mockup-1536x1519.png 1536w, https:\/\/hispanicalliancesc.com\/wp-content\/uploads\/2024\/08\/24_Arts_Assesment_Mockup-12x12.png 12w, https:\/\/hispanicalliancesc.com\/wp-content\/uploads\/2024\/08\/24_Arts_Assesment_Mockup.png 2026w\" data-sizes=\"auto\" src=\"data:image\/svg+xml;base64,PHN2ZyB3aWR0aD0iMSIgaGVpZ2h0PSIxIiB4bWxucz0iaHR0cDovL3d3dy53My5vcmcvMjAwMC9zdmciPjwvc3ZnPg==\" style=\"--smush-placeholder-width: 800px; --smush-placeholder-aspect-ratio: 800\/791;\" data-original-sizes=\"(max-width: 800px) 100vw, 800px\" \/>\t\t\t\t\t\t\t\t<\/a>\n\t\t\t\t\t\t\t\t\t\t\t\t\t\t\t<\/div>\n\t\t\t\t<\/div>\n\t\t\t\t<\/div>\n\t\t<div class=\"elementor-element elementor-element-73620a9 e-con-full e-flex e-con e-child\" data-id=\"73620a9\" data-element_type=\"container\" data-e-type=\"container\" data-settings=\"{&quot;jet_parallax_layout_list&quot;:[]}\">\n\t\t\t\t<div class=\"elementor-element elementor-element-1dd401b elementor-widget elementor-widget-text-editor\" data-id=\"1dd401b\" data-element_type=\"widget\" data-e-type=\"widget\" data-widget_type=\"text-editor.default\">\n\t\t\t\t<div class=\"elementor-widget-container\">\n\t\t\t\t\t\t\t\t\t<h4 class=\"font_8\"><strong>Evaluaci\u00f3n estatal de las artes hispanas\/latinas de Carolina del Sur<\/strong><\/h4><p class=\"font_8\"><a href=\"https:\/\/hispanicalliancesc.com\/es\/allied4art\/\">Lea el informe<\/a><\/p>\t\t\t\t\t\t\t\t<\/div>\n\t\t\t\t<\/div>\n\t\t\t\t<div class=\"elementor-element elementor-element-bef92f2 elementor-widget elementor-widget-text-editor\" data-id=\"bef92f2\" data-element_type=\"widget\" data-e-type=\"widget\" data-widget_type=\"text-editor.default\">\n\t\t\t\t<div class=\"elementor-widget-container\">\n\t\t\t\t\t\t\t\t\t<p>Esta evaluaci\u00f3n estatal, financiada a trav\u00e9s de una asociaci\u00f3n estrat\u00e9gica entre la Comisi\u00f3n de Artes de Carolina del Sur y la Alianza Hispana de Carolina del Sur, y realizada en colaboraci\u00f3n con Palmetto Luna Arts, ofrece una oportunidad sin precedentes para unir culturas a trav\u00e9s del arte en todo el estado aprovechando la reputaci\u00f3n, las redes y el conocimiento de estos socios.<\/p>\t\t\t\t\t\t\t\t<\/div>\n\t\t\t\t<\/div>\n\t\t\t\t<\/div>\n\t\t\t\t<\/div>\n\t\t<div class=\"elementor-element elementor-element-6b6b24e e-con-full e-flex e-con e-child\" data-id=\"6b6b24e\" data-element_type=\"container\" data-e-type=\"container\" data-settings=\"{&quot;jet_parallax_layout_list&quot;:[]}\">\n\t\t<div class=\"elementor-element elementor-element-c6701fe e-con-full e-flex e-con e-child\" data-id=\"c6701fe\" data-element_type=\"container\" data-e-type=\"container\" data-settings=\"{&quot;jet_parallax_layout_list&quot;:[]}\">\n\t\t\t\t<div class=\"elementor-element elementor-element-50c713f elementor-widget elementor-widget-image\" data-id=\"50c713f\" data-element_type=\"widget\" data-e-type=\"widget\" data-widget_type=\"image.default\">\n\t\t\t\t<div class=\"elementor-widget-container\">\n\t\t\t\t\t\t\t\t\t\t\t\t\t\t\t\t<a href=\"https:\/\/cma.sc.gov\/sites\/cma\/files\/files\/05302025%20-%20Research%20Report_Hyperlink%20Version.pdf\" target=\"_blank\">\n\t\t\t\t\t\t\t<img decoding=\"async\" width=\"781\" height=\"1024\" data-src=\"https:\/\/hispanicalliancesc.com\/wp-content\/uploads\/2025\/06\/SC-Commission-for-Minority-Affairs-Coming-to-South-Carolina-781x1024.png\" class=\"attachment-large size-large wp-image-12112 lazyload\" alt=\"\" data-srcset=\"https:\/\/hispanicalliancesc.com\/wp-content\/uploads\/2025\/06\/SC-Commission-for-Minority-Affairs-Coming-to-South-Carolina-781x1024.png 781w, https:\/\/hispanicalliancesc.com\/wp-content\/uploads\/2025\/06\/SC-Commission-for-Minority-Affairs-Coming-to-South-Carolina-229x300.png 229w, https:\/\/hispanicalliancesc.com\/wp-content\/uploads\/2025\/06\/SC-Commission-for-Minority-Affairs-Coming-to-South-Carolina-768x1007.png 768w, https:\/\/hispanicalliancesc.com\/wp-content\/uploads\/2025\/06\/SC-Commission-for-Minority-Affairs-Coming-to-South-Carolina-1171x1536.png 1171w, https:\/\/hispanicalliancesc.com\/wp-content\/uploads\/2025\/06\/SC-Commission-for-Minority-Affairs-Coming-to-South-Carolina-9x12.png 9w, https:\/\/hispanicalliancesc.com\/wp-content\/uploads\/2025\/06\/SC-Commission-for-Minority-Affairs-Coming-to-South-Carolina.png 1202w\" data-sizes=\"auto\" src=\"data:image\/svg+xml;base64,PHN2ZyB3aWR0aD0iMSIgaGVpZ2h0PSIxIiB4bWxucz0iaHR0cDovL3d3dy53My5vcmcvMjAwMC9zdmciPjwvc3ZnPg==\" style=\"--smush-placeholder-width: 781px; --smush-placeholder-aspect-ratio: 781\/1024;\" data-original-sizes=\"(max-width: 781px) 100vw, 781px\" \/>\t\t\t\t\t\t\t\t<\/a>\n\t\t\t\t\t\t\t\t\t\t\t\t\t\t\t<\/div>\n\t\t\t\t<\/div>\n\t\t\t\t<\/div>\n\t\t<div class=\"elementor-element elementor-element-3a4b755 e-con-full e-flex e-con e-child\" data-id=\"3a4b755\" data-element_type=\"container\" data-e-type=\"container\" data-settings=\"{&quot;jet_parallax_layout_list&quot;:[]}\">\n\t\t\t\t<div class=\"elementor-element elementor-element-b18f0bb elementor-widget elementor-widget-text-editor\" data-id=\"b18f0bb\" data-element_type=\"widget\" data-e-type=\"widget\" data-widget_type=\"text-editor.default\">\n\t\t\t\t<div class=\"elementor-widget-container\">\n\t\t\t\t\t\t\t\t\t<h4><strong>Llegando a Carolina del Sur: Din\u00e1mica socioecon\u00f3mica y poblaci\u00f3n nacida en el extranjero del estado de 2013 a 2023<\/strong><\/h4><p><a href=\"https:\/\/cma.sc.gov\/sites\/cma\/files\/files\/05302025%20-%20Research%20Report_Hyperlink%20Version.pdf\" target=\"_blank\" rel=\"noopener\">Lea el informe<\/a><\/p>\t\t\t\t\t\t\t\t<\/div>\n\t\t\t\t<\/div>\n\t\t\t\t<div class=\"elementor-element elementor-element-bff8f86 elementor-widget elementor-widget-text-editor\" data-id=\"bff8f86\" data-element_type=\"widget\" data-e-type=\"widget\" data-widget_type=\"text-editor.default\">\n\t\t\t\t<div class=\"elementor-widget-container\">\n\t\t\t\t\t\t\t\t\t<div>Durante la \u00faltima d\u00e9cada, Carolina del Sur ha experimentado un r\u00e1pido crecimiento poblacional, situ\u00e1ndose constantemente entre los diez estados con mayor poblaci\u00f3n de Estados Unidos. Este auge demogr\u00e1fico ha coincidido con una importante expansi\u00f3n econ\u00f3mica, impulsada por la reubicaci\u00f3n industrial, la creaci\u00f3n de nuevas empresas y las importantes inversiones en infraestructura para impulsar el desarrollo continuo. En nuestro Informe Trimestral de Investigaci\u00f3n de junio, el Dr. Robert P. Fenton, director de investigaci\u00f3n, eval\u00faa la contribuci\u00f3n de los inmigrantes al crecimiento econ\u00f3mico de Carolina del Sur durante la \u00faltima d\u00e9cada.<\/div>\t\t\t\t\t\t\t\t<\/div>\n\t\t\t\t<\/div>\n\t\t\t\t<\/div>\n\t\t\t\t<\/div>\n\t\t\t\t\t<\/div>\n\t\t\t\t<\/div>\n\t\t\t\t<\/div>","protected":false},"excerpt":{"rendered":"<p>Una lista de recursos para datos e investigaciones sobre la poblaci\u00f3n hispana en Carolina del Sur.<\/p>","protected":false},"author":1,"featured_media":0,"parent":0,"menu_order":0,"comment_status":"closed","ping_status":"closed","template":"","meta":{"_acf_changed":false,"footnotes":""},"main-page-type":[45],"class_list":["post-2373","page","type-page","status-publish","hentry","main-page-type-resources-pages"],"acf":[],"_links":{"self":[{"href":"https:\/\/hispanicalliancesc.com\/es\/wp-json\/wp\/v2\/pages\/2373","targetHints":{"allow":["GET"]}}],"collection":[{"href":"https:\/\/hispanicalliancesc.com\/es\/wp-json\/wp\/v2\/pages"}],"about":[{"href":"https:\/\/hispanicalliancesc.com\/es\/wp-json\/wp\/v2\/types\/page"}],"author":[{"embeddable":true,"href":"https:\/\/hispanicalliancesc.com\/es\/wp-json\/wp\/v2\/users\/1"}],"replies":[{"embeddable":true,"href":"https:\/\/hispanicalliancesc.com\/es\/wp-json\/wp\/v2\/comments?post=2373"}],"version-history":[{"count":0,"href":"https:\/\/hispanicalliancesc.com\/es\/wp-json\/wp\/v2\/pages\/2373\/revisions"}],"wp:attachment":[{"href":"https:\/\/hispanicalliancesc.com\/es\/wp-json\/wp\/v2\/media?parent=2373"}],"wp:term":[{"taxonomy":"main-page-type","embeddable":true,"href":"https:\/\/hispanicalliancesc.com\/es\/wp-json\/wp\/v2\/main-page-type?post=2373"}],"curies":[{"name":"wp","href":"https:\/\/api.w.org\/{rel}","templated":true}]}}