{"id":1675,"date":"2022-11-26T16:43:44","date_gmt":"2022-11-26T21:43:44","guid":{"rendered":"https:\/\/hasc.mysites.io\/?page_id=1675"},"modified":"2025-04-11T10:28:00","modified_gmt":"2025-04-11T14:28:00","slug":"hispanicsingreenville","status":"publish","type":"page","link":"https:\/\/hispanicalliancesc.com\/es\/hispanicsingreenville\/","title":{"rendered":"Hispanos en Greenville"},"content":{"rendered":"<div data-elementor-type=\"wp-page\" data-elementor-id=\"1675\" class=\"elementor elementor-1675\" data-elementor-post-type=\"page\">\n\t\t\t\t<div class=\"elementor-element elementor-element-0696420 e-con-full e-flex e-con e-parent\" data-id=\"0696420\" data-element_type=\"container\" data-e-type=\"container\" data-settings=\"{&quot;jet_parallax_layout_list&quot;:[],&quot;background_background&quot;:&quot;classic&quot;}\">\n\t\t<div class=\"elementor-element elementor-element-e96a91e e-con-full e-flex e-con e-child\" data-id=\"e96a91e\" data-element_type=\"container\" data-e-type=\"container\" data-settings=\"{&quot;jet_parallax_layout_list&quot;:[]}\">\n\t\t\t\t<div class=\"elementor-element elementor-element-655f1e1 elementor-widget elementor-widget-heading\" data-id=\"655f1e1\" data-element_type=\"widget\" data-e-type=\"widget\" data-widget_type=\"heading.default\">\n\t\t\t\t<div class=\"elementor-widget-container\">\n\t\t\t\t\t<h1 class=\"elementor-heading-title elementor-size-default\">Hispanos en Greenville<\/h1>\t\t\t\t<\/div>\n\t\t\t\t<\/div>\n\t\t\t\t<div class=\"elementor-element elementor-element-401c514 elementor-widget elementor-widget-heading\" data-id=\"401c514\" data-element_type=\"widget\" data-e-type=\"widget\" data-widget_type=\"heading.default\">\n\t\t\t\t<div class=\"elementor-widget-container\">\n\t\t\t\t\t<span class=\"elementor-heading-title elementor-size-default\">Una evaluaci\u00f3n de las necesidades de la comunidad<\/span>\t\t\t\t<\/div>\n\t\t\t\t<\/div>\n\t\t\t\t<div class=\"elementor-element elementor-element-1ae92bf elementor-widget elementor-widget-text-editor\" data-id=\"1ae92bf\" data-element_type=\"widget\" data-e-type=\"widget\" data-widget_type=\"text-editor.default\">\n\t\t\t\t<div class=\"elementor-widget-container\">\n\t\t\t\t\t\t\t\t\t<p>Los resultados de este estudio \u2014culminaci\u00f3n de dos a\u00f1os de investigaci\u00f3n rigurosa y participaci\u00f3n comunitaria\u2014 se dieron a conocer en una presentaci\u00f3n p\u00fablica el martes 29 de enero de 2019. Esta informaci\u00f3n ofrece una visi\u00f3n compasiva y realista de las barreras y los recursos de nuestra comunidad hispana, con la intenci\u00f3n de impulsar e informar las colaboraciones interculturales. Esperamos que esta informaci\u00f3n se utilice para construir una comunidad diversa, equitativa y pr\u00f3spera para todos.<\/p>\t\t\t\t\t\t\t\t<\/div>\n\t\t\t\t<\/div>\n\t\t\t\t<\/div>\n\t\t\t\t<\/div>\n\t\t<div class=\"elementor-element elementor-element-cfb067b e-con-full e-flex e-con e-parent\" data-id=\"cfb067b\" data-element_type=\"container\" data-e-type=\"container\" data-settings=\"{&quot;jet_parallax_layout_list&quot;:[]}\">\n\t\t<div class=\"elementor-element elementor-element-29ce1af e-con-full e-flex e-con e-child\" data-id=\"29ce1af\" data-element_type=\"container\" data-e-type=\"container\" data-settings=\"{&quot;jet_parallax_layout_list&quot;:[]}\">\n\t\t\t\t<div class=\"elementor-element elementor-element-557ffcf elementor-widget elementor-widget-shortcode\" data-id=\"557ffcf\" data-element_type=\"widget\" data-e-type=\"widget\" data-widget_type=\"shortcode.default\">\n\t\t\t\t<div class=\"elementor-widget-container\">\n\t\t\t\t\t\t\t<div class=\"elementor-shortcode\"><div class=\"_df_book df-lite\" id=\"df_1680\"  _slug=\"hispanics-in-greenville\" data-title=\"hispanics-in-greenville\" wpoptions=\"true\" thumbtype=\"\" ><\/div><script class=\"df-shortcode-script\" nowprocket type=\"application\/javascript\">window.option_df_1680 = {\"outline\":[],\"backgroundColor\":\"#ffffff\",\"height\":\"700px\",\"autoEnableOutline\":\"false\",\"autoEnableThumbnail\":\"false\",\"overwritePDFOutline\":\"false\",\"enableDownload\":\"true\",\"direction\":\"1\",\"pageSize\":\"0\",\"source\":\"https:\\\/\\\/hispanicalliancesc.com\\\/wp-content\\\/uploads\\\/2022\\\/11\\\/HispanicsinGreenvillePDF.pdf\",\"wpOptions\":\"true\"}; if(window.DFLIP && window.DFLIP.parseBooks){window.DFLIP.parseBooks();}<\/script><\/div>\n\t\t\t\t\t\t<\/div>\n\t\t\t\t<\/div>\n\t\t\t\t<div class=\"elementor-element elementor-element-b5f21b6 elementor-align-center elementor-widget elementor-widget-button\" data-id=\"b5f21b6\" data-element_type=\"widget\" data-e-type=\"widget\" data-widget_type=\"button.default\">\n\t\t\t\t<div class=\"elementor-widget-container\">\n\t\t\t\t\t\t\t\t\t<div class=\"elementor-button-wrapper\">\n\t\t\t\t\t<a class=\"elementor-button elementor-button-link elementor-size-sm\" href=\"https:\/\/hispanicalliancesc.com\/wp-content\/uploads\/2022\/11\/HispanicsinGreenvillePDF.pdf\" target=\"_blank\">\n\t\t\t\t\t\t<span class=\"elementor-button-content-wrapper\">\n\t\t\t\t\t\t\t\t\t<span class=\"elementor-button-text\">Descargar versi\u00f3n PDF<\/span>\n\t\t\t\t\t<\/span>\n\t\t\t\t\t<\/a>\n\t\t\t\t<\/div>\n\t\t\t\t\t\t\t\t<\/div>\n\t\t\t\t<\/div>\n\t\t\t\t<\/div>\n\t\t\t\t<\/div>\n\t\t\t\t<\/div>","protected":false},"excerpt":{"rendered":"<p>Esta informaci\u00f3n proporciona una imagen basada en investigaciones de las barreras y ventajas para los hispanos en Greenville, con la intenci\u00f3n de impulsar e informar colaboraciones interculturales. Nuestra esperanza es que esta informaci\u00f3n se utilice para construir una comunidad diversa, equitativa y pr\u00f3spera para todos.<\/p>","protected":false},"author":1,"featured_media":0,"parent":0,"menu_order":0,"comment_status":"closed","ping_status":"closed","template":"","meta":{"_acf_changed":false,"footnotes":""},"main-page-type":[],"class_list":["post-1675","page","type-page","status-publish","hentry"],"acf":[],"_links":{"self":[{"href":"https:\/\/hispanicalliancesc.com\/es\/wp-json\/wp\/v2\/pages\/1675","targetHints":{"allow":["GET"]}}],"collection":[{"href":"https:\/\/hispanicalliancesc.com\/es\/wp-json\/wp\/v2\/pages"}],"about":[{"href":"https:\/\/hispanicalliancesc.com\/es\/wp-json\/wp\/v2\/types\/page"}],"author":[{"embeddable":true,"href":"https:\/\/hispanicalliancesc.com\/es\/wp-json\/wp\/v2\/users\/1"}],"replies":[{"embeddable":true,"href":"https:\/\/hispanicalliancesc.com\/es\/wp-json\/wp\/v2\/comments?post=1675"}],"version-history":[{"count":0,"href":"https:\/\/hispanicalliancesc.com\/es\/wp-json\/wp\/v2\/pages\/1675\/revisions"}],"wp:attachment":[{"href":"https:\/\/hispanicalliancesc.com\/es\/wp-json\/wp\/v2\/media?parent=1675"}],"wp:term":[{"taxonomy":"main-page-type","embeddable":true,"href":"https:\/\/hispanicalliancesc.com\/es\/wp-json\/wp\/v2\/main-page-type?post=1675"}],"curies":[{"name":"wp","href":"https:\/\/api.w.org\/{rel}","templated":true}]}}