{"id":1474,"date":"2022-11-25T07:21:08","date_gmt":"2022-11-25T12:21:08","guid":{"rendered":"https:\/\/hasc.mysites.io\/?page_id=1474"},"modified":"2023-12-27T07:24:00","modified_gmt":"2023-12-27T12:24:00","slug":"resources-community","status":"publish","type":"page","link":"https:\/\/hispanicalliancesc.com\/es\/resources-community\/","title":{"rendered":"Servicios Comunitarios"},"content":{"rendered":"<div data-elementor-type=\"wp-page\" data-elementor-id=\"1474\" class=\"elementor elementor-1474\" data-elementor-post-type=\"page\">\n\t\t\t\t<div class=\"elementor-element elementor-element-ac00ac8 e-con-full e-flex e-con e-child\" data-id=\"ac00ac8\" data-element_type=\"container\" data-e-type=\"container\" data-settings=\"{&quot;jet_parallax_layout_list&quot;:[]}\">\n\t\t\t\t<div class=\"elementor-element elementor-element-7ee541f elementor-widget elementor-widget-text-editor\" data-id=\"7ee541f\" data-element_type=\"widget\" data-e-type=\"widget\" data-widget_type=\"text-editor.default\">\n\t\t\t\t<div class=\"elementor-widget-container\">\n\t\t\t\t\t\t\t\t\t<h4><strong>Asistencia Funeraria COVID-19<\/strong><\/h4><ul><li><p>Bajo la Ley de Asignaciones Suplementarias de Respuesta y Alivio del Coronavirus de 2021 y la Ley del Plan de Rescate Estadounidense de 2021, FEMA brinda asistencia financiera para los gastos funerarios relacionados con COVID-19 incurridos despu\u00e9s del 20 de enero de 2020.<\/p><\/li><li><p>Llame al 844-684-6333 entre las 9:00 a. m. y las 9:00 p. m. para completar la solicitud.<\/p><ul><li><a href=\"https:\/\/www.fema.gov\/disaster\/coronavirus\/economic\/funeral-assistance\" target=\"_blank\" rel=\"noopener\">Haga clic aqu\u00ed para m\u00e1s informaci\u00f3n<\/a><\/li><\/ul><\/li><\/ul>\t\t\t\t\t\t\t\t<\/div>\n\t\t\t\t<\/div>\n\t\t\t\t<div class=\"elementor-element elementor-element-50f2190 elementor-widget-divider--view-line elementor-widget elementor-widget-divider\" data-id=\"50f2190\" data-element_type=\"widget\" data-e-type=\"widget\" data-widget_type=\"divider.default\">\n\t\t\t\t<div class=\"elementor-widget-container\">\n\t\t\t\t\t\t\t<div class=\"elementor-divider\">\n\t\t\t<span class=\"elementor-divider-separator\">\n\t\t\t\t\t\t<\/span>\n\t\t<\/div>\n\t\t\t\t\t\t<\/div>\n\t\t\t\t<\/div>\n\t\t\t\t<div class=\"elementor-element elementor-element-e95b558 elementor-widget elementor-widget-text-editor\" data-id=\"e95b558\" data-element_type=\"widget\" data-e-type=\"widget\" data-widget_type=\"text-editor.default\">\n\t\t\t\t<div class=\"elementor-widget-container\">\n\t\t\t\t\t\t\t\t\t<h4><strong>Primeros 5 SC<\/strong><\/h4><ul><li>Las familias pueden encontrar informaci\u00f3n sobre 60 programas para la primera infancia de 10 agencias estatales y otras entidades estatales, incluidos los servicios de cuidado infantil, salud, intervenci\u00f3n temprana, nutrici\u00f3n y apoyo para padres.<ul><li><a href=\"http:\/\/first5sc.org\/\" target=\"_blank\" rel=\"noopener\">Haga clic aqu\u00ed para m\u00e1s informaci\u00f3n<\/a><\/li><\/ul><\/li><\/ul>\t\t\t\t\t\t\t\t<\/div>\n\t\t\t\t<\/div>\n\t\t\t\t<div class=\"elementor-element elementor-element-e2e864b elementor-widget-divider--view-line elementor-widget elementor-widget-divider\" data-id=\"e2e864b\" data-element_type=\"widget\" data-e-type=\"widget\" data-widget_type=\"divider.default\">\n\t\t\t\t<div class=\"elementor-widget-container\">\n\t\t\t\t\t\t\t<div class=\"elementor-divider\">\n\t\t\t<span class=\"elementor-divider-separator\">\n\t\t\t\t\t\t<\/span>\n\t\t<\/div>\n\t\t\t\t\t\t<\/div>\n\t\t\t\t<\/div>\n\t\t\t\t<div class=\"elementor-element elementor-element-534460b elementor-widget elementor-widget-text-editor\" data-id=\"534460b\" data-element_type=\"widget\" data-e-type=\"widget\" data-widget_type=\"text-editor.default\">\n\t\t\t\t<div class=\"elementor-widget-container\">\n\t\t\t\t\t\t\t\t\t<h4><strong>Gu\u00eda de recursos alimentarios de la comunidad de Greenville<\/strong><\/h4><ul><li>LiveWell Greenville ha creado una hoja de c\u00e1lculo en vivo que actualiza el estado y los horarios de todos los bancos de alimentos locales. <br \/><ul><li><a href=\"https:\/\/docs.google.com\/spreadsheets\/d\/1nNG40HbI8glBRSQbHGTOj9ZFypPddgeKqzcESv2-yM8\/edit#gid=1151267014\" target=\"_blank\" rel=\"noopener\">Haga clic aqu\u00ed para ver la hoja de c\u00e1lculo<\/a><\/li><\/ul><\/li><\/ul>\t\t\t\t\t\t\t\t<\/div>\n\t\t\t\t<\/div>\n\t\t\t\t<div class=\"elementor-element elementor-element-3703c10 elementor-widget-divider--view-line elementor-widget elementor-widget-divider\" data-id=\"3703c10\" data-element_type=\"widget\" data-e-type=\"widget\" data-widget_type=\"divider.default\">\n\t\t\t\t<div class=\"elementor-widget-container\">\n\t\t\t\t\t\t\t<div class=\"elementor-divider\">\n\t\t\t<span class=\"elementor-divider-separator\">\n\t\t\t\t\t\t<\/span>\n\t\t<\/div>\n\t\t\t\t\t\t<\/div>\n\t\t\t\t<\/div>\n\t\t\t\t<div class=\"elementor-element elementor-element-3ad746b elementor-widget elementor-widget-text-editor\" data-id=\"3ad746b\" data-element_type=\"widget\" data-e-type=\"widget\" data-widget_type=\"text-editor.default\">\n\t\t\t\t<div class=\"elementor-widget-container\">\n\t\t\t\t\t\t\t\t\t<h4><strong>Granjas de Mill Village<\/strong><\/h4><ul><li>Mill Village Farms est\u00e1 proporcionando una caja semanal de productos frescos con un valor de $25-$35 por solo $10 con tarjeta de cr\u00e9dito\/d\u00e9bito O $5 con SNAP\/EBT a aquellos que experimentan dificultades con la recogida en el veh\u00edculo cada dos mi\u00e9rcoles. Consulte su sitio web para obtener m\u00e1s informaci\u00f3n y registrarse.<br \/><ul><li><a href=\"https:\/\/www.millvillagefarms.org\/foodshare\" target=\"_blank\" rel=\"noopener\">Ver calendario en ingl\u00e9s<\/a><\/li><li><a href=\"https:\/\/www.millvillagefarms.org\/spanish-covid-19-food-relief\" target=\"_blank\" rel=\"noopener\">Ver calendario en espa\u00f1ol<\/a><\/li><li><a href=\"tel:+18643518865\">864-351-8865<\/a><\/li><li><a href=\"mailto:info@millcommunity.org\">info@millcommunity.org<\/a><\/li><\/ul><\/li><\/ul>\t\t\t\t\t\t\t\t<\/div>\n\t\t\t\t<\/div>\n\t\t\t\t<div class=\"elementor-element elementor-element-2e94b44 elementor-widget-divider--view-line elementor-widget elementor-widget-divider\" data-id=\"2e94b44\" data-element_type=\"widget\" data-e-type=\"widget\" data-widget_type=\"divider.default\">\n\t\t\t\t<div class=\"elementor-widget-container\">\n\t\t\t\t\t\t\t<div class=\"elementor-divider\">\n\t\t\t<span class=\"elementor-divider-separator\">\n\t\t\t\t\t\t<\/span>\n\t\t<\/div>\n\t\t\t\t\t\t<\/div>\n\t\t\t\t<\/div>\n\t\t\t\t<div class=\"elementor-element elementor-element-190e7a1 elementor-widget elementor-widget-text-editor\" data-id=\"190e7a1\" data-element_type=\"widget\" data-e-type=\"widget\" data-widget_type=\"text-editor.default\">\n\t\t\t\t<div class=\"elementor-widget-container\">\n\t\t\t\t\t\t\t\t\t<h4><strong>Consejo Asesor de la Primera Infancia de Carolina del Sur<\/strong><\/h4><ul><li><p>El Consejo Asesor de la Primera Infancia de Carolina del Sur es un organismo colaborativo que representa el sistema de la primera infancia del estado. Establecido por ley, el ECAC incluye a los directores de ocho agencias estatales y entidades gubernamentales que brindan servicios financiados por el estado y el gobierno federal a ni\u00f1os peque\u00f1os. Primeros Pasos de Carolina del Sur coordina las actividades del consejo.<\/p><ul><li><a href=\"http:\/\/earlychildhoodsc.org\/\" target=\"_blank\" rel=\"noopener\">Haga clic aqu\u00ed para m\u00e1s informaci\u00f3n<\/a><\/li><li><a href=\"tel:+18037340479\">803-734-0479<\/a><\/li><li><a href=\"mailto:info@earlychildhoodsc.org\">info@earlychildhoodsc.org<\/a><\/li><\/ul><\/li><\/ul>\t\t\t\t\t\t\t\t<\/div>\n\t\t\t\t<\/div>\n\t\t\t\t<div class=\"elementor-element elementor-element-575908c elementor-widget-divider--view-line elementor-widget elementor-widget-divider\" data-id=\"575908c\" data-element_type=\"widget\" data-e-type=\"widget\" data-widget_type=\"divider.default\">\n\t\t\t\t<div class=\"elementor-widget-container\">\n\t\t\t\t\t\t\t<div class=\"elementor-divider\">\n\t\t\t<span class=\"elementor-divider-separator\">\n\t\t\t\t\t\t<\/span>\n\t\t<\/div>\n\t\t\t\t\t\t<\/div>\n\t\t\t\t<\/div>\n\t\t\t\t<div class=\"elementor-element elementor-element-5215d23 elementor-widget elementor-widget-text-editor\" data-id=\"5215d23\" data-element_type=\"widget\" data-e-type=\"widget\" data-widget_type=\"text-editor.default\">\n\t\t\t\t<div class=\"elementor-widget-container\">\n\t\t\t\t\t\t\t\t\t<h4><strong>United Way del Condado de Greenville<\/strong><\/h4><ul><li><p class=\"font_8\">United Way del Condado de Greenville est\u00e1 organizando un gran esfuerzo para reunir donaciones, recursos y voluntarios para ayudar a nuestra comunidad. Vea los recursos disponibles y lo que puede hacer para ayudar a sus vecinos.<\/p><ul><li><a href=\"https:\/\/www.unitedwaygc.org\/get-help\/2-1-1-resource-line\/\" target=\"_blank\" rel=\"noopener\">Haga clic aqu\u00ed para m\u00e1s informaci\u00f3n<\/a><\/li><li>Llame al 2-1-1<\/li><\/ul><\/li><\/ul>\t\t\t\t\t\t\t\t<\/div>\n\t\t\t\t<\/div>\n\t\t\t\t<\/div>\n\t\t\t\t<\/div>","protected":false},"excerpt":{"rendered":"<p>Una lista de servicios y recursos comunitarios en el norte del estado de Carolina del Sur para garantizar la calidad de vida y la igualdad de la poblaci\u00f3n hispana. <\/p>","protected":false},"author":1,"featured_media":0,"parent":0,"menu_order":0,"comment_status":"closed","ping_status":"closed","template":"","meta":{"_acf_changed":false,"footnotes":""},"main-page-type":[45],"class_list":["post-1474","page","type-page","status-publish","hentry","main-page-type-resources-pages"],"acf":[],"_links":{"self":[{"href":"https:\/\/hispanicalliancesc.com\/es\/wp-json\/wp\/v2\/pages\/1474","targetHints":{"allow":["GET"]}}],"collection":[{"href":"https:\/\/hispanicalliancesc.com\/es\/wp-json\/wp\/v2\/pages"}],"about":[{"href":"https:\/\/hispanicalliancesc.com\/es\/wp-json\/wp\/v2\/types\/page"}],"author":[{"embeddable":true,"href":"https:\/\/hispanicalliancesc.com\/es\/wp-json\/wp\/v2\/users\/1"}],"replies":[{"embeddable":true,"href":"https:\/\/hispanicalliancesc.com\/es\/wp-json\/wp\/v2\/comments?post=1474"}],"version-history":[{"count":0,"href":"https:\/\/hispanicalliancesc.com\/es\/wp-json\/wp\/v2\/pages\/1474\/revisions"}],"wp:attachment":[{"href":"https:\/\/hispanicalliancesc.com\/es\/wp-json\/wp\/v2\/media?parent=1474"}],"wp:term":[{"taxonomy":"main-page-type","embeddable":true,"href":"https:\/\/hispanicalliancesc.com\/es\/wp-json\/wp\/v2\/main-page-type?post=1474"}],"curies":[{"name":"wp","href":"https:\/\/api.w.org\/{rel}","templated":true}]}}