{"id":1445,"date":"2022-11-25T06:30:27","date_gmt":"2022-11-25T11:30:27","guid":{"rendered":"https:\/\/hasc.mysites.io\/?page_id=1445"},"modified":"2023-12-27T07:20:11","modified_gmt":"2023-12-27T12:20:11","slug":"resources-wellness","status":"publish","type":"page","link":"https:\/\/hispanicalliancesc.com\/es\/resources-wellness\/","title":{"rendered":"Bienestar Personal"},"content":{"rendered":"<div data-elementor-type=\"wp-page\" data-elementor-id=\"1445\" class=\"elementor elementor-1445\" data-elementor-post-type=\"page\">\n\t\t\t\t<div class=\"elementor-element elementor-element-c25b326 e-flex e-con-boxed e-con e-parent\" data-id=\"c25b326\" data-element_type=\"container\" data-e-type=\"container\" data-settings=\"{&quot;jet_parallax_layout_list&quot;:[]}\">\n\t\t\t\t\t<div class=\"e-con-inner\">\n\t\t\t\t<div class=\"elementor-element elementor-element-18bf073 elementor-widget elementor-widget-text-editor\" data-id=\"18bf073\" data-element_type=\"widget\" data-e-type=\"widget\" data-widget_type=\"text-editor.default\">\n\t\t\t\t<div class=\"elementor-widget-container\">\n\t\t\t\t\t\t\t\t\t<h4><strong>NAMI Greenville<\/strong><\/h4><ul><li>NAMI Greenville est\u00e1 ofreciendo <a href=\"https:\/\/www.namigreenvillesc.org\/online-support-groups\/\" target=\"_blank\" rel=\"noopener\">grupos de apoyo en l\u00ednea gratuitos<\/a> los lunes a las 6:15. No se requiere registro previo. <a href=\"https:\/\/www.namigreenvillesc.org\/online-support-groups\/\" target=\"_blank\" rel=\"noopener\">haga clic aqu\u00ed<\/a> para obtener m\u00e1s informaci\u00f3n sobre c\u00f3mo acceder a estos.<br \/><ul><li><a href=\"https:\/\/www.namigreenvillesc.org\/online-support-groups\/\" target=\"_blank\" rel=\"noopener\">Haga clic aqu\u00ed para m\u00e1s informaci\u00f3n<\/a><\/li><\/ul><\/li><\/ul>\t\t\t\t\t\t\t\t<\/div>\n\t\t\t\t<\/div>\n\t\t\t\t<div class=\"elementor-element elementor-element-632f917 elementor-widget-divider--view-line elementor-widget elementor-widget-divider\" data-id=\"632f917\" data-element_type=\"widget\" data-e-type=\"widget\" data-widget_type=\"divider.default\">\n\t\t\t\t<div class=\"elementor-widget-container\">\n\t\t\t\t\t\t\t<div class=\"elementor-divider\">\n\t\t\t<span class=\"elementor-divider-separator\">\n\t\t\t\t\t\t<\/span>\n\t\t<\/div>\n\t\t\t\t\t\t<\/div>\n\t\t\t\t<\/div>\n\t\t\t\t<div class=\"elementor-element elementor-element-b1fd2b9 elementor-widget elementor-widget-text-editor\" data-id=\"b1fd2b9\" data-element_type=\"widget\" data-e-type=\"widget\" data-widget_type=\"text-editor.default\">\n\t\t\t\t<div class=\"elementor-widget-container\">\n\t\t\t\t\t\t\t\t\t<h4><strong>SCDMH<\/strong><\/h4><ul><li>El Departamento de Salud Mental de Carolina del Sur (SCDMH) y el Departamento de Servicios de Abuso de Alcohol y Otras Drogas de Carolina del Sur han agregado un n\u00famero gratuito exclusivo para hispanohablantes, (833) TU-APOYO (882-7696). La l\u00ednea Tu Apoyo estar\u00e1 disponible de 9:30 am a 8:00 pm de lunes a viernes (excepto feriados estatales). Las personas que llaman no necesitan proporcionar ninguna informaci\u00f3n de identificaci\u00f3n para hablar con un miembro del personal de la l\u00ednea de soporte.<\/li><\/ul>\t\t\t\t\t\t\t\t<\/div>\n\t\t\t\t<\/div>\n\t\t\t\t<div class=\"elementor-element elementor-element-8320eea elementor-widget-divider--view-line elementor-widget elementor-widget-divider\" data-id=\"8320eea\" data-element_type=\"widget\" data-e-type=\"widget\" data-widget_type=\"divider.default\">\n\t\t\t\t<div class=\"elementor-widget-container\">\n\t\t\t\t\t\t\t<div class=\"elementor-divider\">\n\t\t\t<span class=\"elementor-divider-separator\">\n\t\t\t\t\t\t<\/span>\n\t\t<\/div>\n\t\t\t\t\t\t<\/div>\n\t\t\t\t<\/div>\n\t\t\t\t<div class=\"elementor-element elementor-element-44b022e elementor-widget elementor-widget-text-editor\" data-id=\"44b022e\" data-element_type=\"widget\" data-e-type=\"widget\" data-widget_type=\"text-editor.default\">\n\t\t\t\t<div class=\"elementor-widget-container\">\n\t\t\t\t\t\t\t\t\t<h4><strong>Am\u00e9rica de la salud mental<\/strong><\/h4><ul><li>La l\u00ednea CRISIS de Mental Health America (864-271-8888) y la L\u00ednea Nacional de Prevenci\u00f3n del Suicidio (1-800-273-8255) responden llamadas las 24 horas del d\u00eda, los 7 d\u00edas de la semana. Tambi\u00e9n tienen disponible un examen de salud mental gratuito, confidencial y en l\u00ednea.<ul><li><a href=\"http:\/\/www.mhagc.org\/mental-health-screening.php\" target=\"_blank\" rel=\"noopener\">Haga clic aqu\u00ed para m\u00e1s informaci\u00f3n<\/a><\/li><\/ul><\/li><\/ul>\t\t\t\t\t\t\t\t<\/div>\n\t\t\t\t<\/div>\n\t\t\t\t<div class=\"elementor-element elementor-element-24e54dc elementor-widget-divider--view-line elementor-widget elementor-widget-divider\" data-id=\"24e54dc\" data-element_type=\"widget\" data-e-type=\"widget\" data-widget_type=\"divider.default\">\n\t\t\t\t<div class=\"elementor-widget-container\">\n\t\t\t\t\t\t\t<div class=\"elementor-divider\">\n\t\t\t<span class=\"elementor-divider-separator\">\n\t\t\t\t\t\t<\/span>\n\t\t<\/div>\n\t\t\t\t\t\t<\/div>\n\t\t\t\t<\/div>\n\t\t\t\t<div class=\"elementor-element elementor-element-6e83e81 elementor-widget elementor-widget-text-editor\" data-id=\"6e83e81\" data-element_type=\"widget\" data-e-type=\"widget\" data-widget_type=\"text-editor.default\">\n\t\t\t\t<div class=\"elementor-widget-container\">\n\t\t\t\t\t\t\t\t\t<h4><strong>Si est\u00e1 en peligro o tiene una emergencia, \u00a1Llame al 9-1-1!<\/strong><\/h4><ul><li>Safe Harbor es una organizaci\u00f3n privada sin fines de lucro 501(c)3 que ofrece una serie de servicios para sobrevivientes de violencia dom\u00e9stica y sus hijos en los condados de Greenville, Anderson, Pickens y Oconee. Su p\u00e1gina web se puede traducir al espa\u00f1ol y tienen proveedores que hablan espa\u00f1ol en el personal. <br \/><ul><li><a href=\"https:\/\/www.safeharborsc.org\/\" target=\"_blank\" rel=\"noopener\">Haga clic aqu\u00ed para m\u00e1s informaci\u00f3n<\/a><\/li><\/ul><\/li><\/ul>\t\t\t\t\t\t\t\t<\/div>\n\t\t\t\t<\/div>\n\t\t\t\t<div class=\"elementor-element elementor-element-64f8545 elementor-widget-divider--view-line elementor-widget elementor-widget-divider\" data-id=\"64f8545\" data-element_type=\"widget\" data-e-type=\"widget\" data-widget_type=\"divider.default\">\n\t\t\t\t<div class=\"elementor-widget-container\">\n\t\t\t\t\t\t\t<div class=\"elementor-divider\">\n\t\t\t<span class=\"elementor-divider-separator\">\n\t\t\t\t\t\t<\/span>\n\t\t<\/div>\n\t\t\t\t\t\t<\/div>\n\t\t\t\t<\/div>\n\t\t\t\t<div class=\"elementor-element elementor-element-ae95494 elementor-widget elementor-widget-text-editor\" data-id=\"ae95494\" data-element_type=\"widget\" data-e-type=\"widget\" data-widget_type=\"text-editor.default\">\n\t\t\t\t<div class=\"elementor-widget-container\">\n\t\t\t\t\t\t\t\t\t<h4><strong>Centro Julie Valentine<\/strong><\/h4><ul><li><p>Julie Valentine Center facilitar\u00e1 grupos de apoyo en l\u00ednea para sobrevivientes de agresi\u00f3n sexual y abuso sexual infantil. El Grupo de apoyo en l\u00ednea es un chat en l\u00ednea an\u00f3nimo que permite a los miembros de la comunidad que han sido afectados por la violencia sexual conectarse entre s\u00ed mientras discuten temas relevantes para los sobrevivientes y sus simpatizantes. Personal capacitado facilita estos grupos para garantizar un entorno seguro para todos los visitantes. Los grupos y los recursos est\u00e1n actualmente en ingl\u00e9s, pero tambi\u00e9n hay recursos en espa\u00f1ol disponibles.<\/p><ul><li><a href=\"https:\/\/www.julievalentinecenter.org\/online-support-group.html\" target=\"_blank\" rel=\"noopener\">Haga clic aqu\u00ed para m\u00e1s informaci\u00f3n<\/a><\/li><\/ul><\/li><\/ul>\t\t\t\t\t\t\t\t<\/div>\n\t\t\t\t<\/div>\n\t\t\t\t<div class=\"elementor-element elementor-element-24b5f7d elementor-widget-divider--view-line elementor-widget elementor-widget-divider\" data-id=\"24b5f7d\" data-element_type=\"widget\" data-e-type=\"widget\" data-widget_type=\"divider.default\">\n\t\t\t\t<div class=\"elementor-widget-container\">\n\t\t\t\t\t\t\t<div class=\"elementor-divider\">\n\t\t\t<span class=\"elementor-divider-separator\">\n\t\t\t\t\t\t<\/span>\n\t\t<\/div>\n\t\t\t\t\t\t<\/div>\n\t\t\t\t<\/div>\n\t\t\t\t<div class=\"elementor-element elementor-element-6a1e99c elementor-widget elementor-widget-text-editor\" data-id=\"6a1e99c\" data-element_type=\"widget\" data-e-type=\"widget\" data-widget_type=\"text-editor.default\">\n\t\t\t\t<div class=\"elementor-widget-container\">\n\t\t\t\t\t\t\t\t\t<h4><strong>Centro F\u00e9nix<\/strong><\/h4><ul><li><p class=\"font_8\">Phoenix Center contin\u00faa brindando servicios en persona y a trav\u00e9s de Telesalud. Autoridad para tratar con el abuso de sustancias en el condado de Greenville. Brindan servicios de rehabilitaci\u00f3n y trastornos por uso de sustancias. Daniela Cano es su principal consejera biling\u00fce en adicciones.<\/p><ul><li><a href=\"http:\/\/www.phoenixcenter.org\/news.php\" target=\"_blank\" rel=\"noopener\">Haga clic aqu\u00ed para m\u00e1s informaci\u00f3n<\/a><\/li><li><a href=\"mailto:DCano@phoenixcenter.org\">Haz clic aqu\u00ed para contactar a Daniela<\/a><\/li><\/ul><\/li><\/ul>\t\t\t\t\t\t\t\t<\/div>\n\t\t\t\t<\/div>\n\t\t\t\t<div class=\"elementor-element elementor-element-ea85234 elementor-widget elementor-widget-text-editor\" data-id=\"ea85234\" data-element_type=\"widget\" data-e-type=\"widget\" data-widget_type=\"text-editor.default\">\n\t\t\t\t<div class=\"elementor-widget-container\">\n\t\t\t\t\t\t\t\t\t<h4><strong>Gu\u00eda de recursos para personas sin hogar de Greenville<\/strong><\/h4><ul><li><p class=\"font_8\">Greenville Homeless Alliance (GHA) ha recopilado recursos del \u00e1rea para quienes se encuentran sin hogar. Con el objetivo de iniciar un cambio sist\u00e9mico, GHA conecta a personas y organizaciones para influir en las pol\u00edticas y crear iniciativas que har\u00e1n que la vivienda sea m\u00e1s accesible para todos los residentes de Greenville.<\/p><ul><li><a href=\"https:\/\/www.gvlhomes4all.org\/resource-guide\" target=\"_blank\" rel=\"noopener\">Haga clic aqu\u00ed para m\u00e1s informaci\u00f3n<\/a><\/li><\/ul><\/li><\/ul>\t\t\t\t\t\t\t\t<\/div>\n\t\t\t\t<\/div>\n\t\t\t\t\t<\/div>\n\t\t\t\t<\/div>\n\t\t\t\t<\/div>","protected":false},"excerpt":{"rendered":"<p>Una lista de recursos para que encuentres el bienestar personal y cultives la salud mental a largo plazo.<\/p>","protected":false},"author":1,"featured_media":0,"parent":0,"menu_order":0,"comment_status":"closed","ping_status":"closed","template":"","meta":{"_acf_changed":false,"footnotes":""},"main-page-type":[45],"class_list":["post-1445","page","type-page","status-publish","hentry","main-page-type-resources-pages"],"acf":[],"_links":{"self":[{"href":"https:\/\/hispanicalliancesc.com\/es\/wp-json\/wp\/v2\/pages\/1445","targetHints":{"allow":["GET"]}}],"collection":[{"href":"https:\/\/hispanicalliancesc.com\/es\/wp-json\/wp\/v2\/pages"}],"about":[{"href":"https:\/\/hispanicalliancesc.com\/es\/wp-json\/wp\/v2\/types\/page"}],"author":[{"embeddable":true,"href":"https:\/\/hispanicalliancesc.com\/es\/wp-json\/wp\/v2\/users\/1"}],"replies":[{"embeddable":true,"href":"https:\/\/hispanicalliancesc.com\/es\/wp-json\/wp\/v2\/comments?post=1445"}],"version-history":[{"count":0,"href":"https:\/\/hispanicalliancesc.com\/es\/wp-json\/wp\/v2\/pages\/1445\/revisions"}],"wp:attachment":[{"href":"https:\/\/hispanicalliancesc.com\/es\/wp-json\/wp\/v2\/media?parent=1445"}],"wp:term":[{"taxonomy":"main-page-type","embeddable":true,"href":"https:\/\/hispanicalliancesc.com\/es\/wp-json\/wp\/v2\/main-page-type?post=1445"}],"curies":[{"name":"wp","href":"https:\/\/api.w.org\/{rel}","templated":true}]}}