{"id":1427,"date":"2022-11-25T06:13:33","date_gmt":"2022-11-25T11:13:33","guid":{"rendered":"https:\/\/hasc.mysites.io\/?page_id=1427"},"modified":"2026-04-23T13:18:56","modified_gmt":"2026-04-23T17:18:56","slug":"resourcesforstudents","status":"publish","type":"page","link":"https:\/\/hispanicalliancesc.com\/es\/resourcesforstudents\/","title":{"rendered":"Para Estudiantes"},"content":{"rendered":"<div data-elementor-type=\"wp-page\" data-elementor-id=\"1427\" class=\"elementor elementor-1427\" data-elementor-post-type=\"page\">\n\t\t\t\t<div class=\"elementor-element elementor-element-20cfd2e e-con-full e-flex e-con e-child\" data-id=\"20cfd2e\" data-element_type=\"container\" data-e-type=\"container\" data-settings=\"{&quot;jet_parallax_layout_list&quot;:[]}\">\n\t\t\t\t<div class=\"elementor-element elementor-element-cd86d67 elementor-widget elementor-widget-text-editor\" data-id=\"cd86d67\" data-element_type=\"widget\" data-e-type=\"widget\" data-widget_type=\"text-editor.default\">\n\t\t\t\t<div class=\"elementor-widget-container\">\n\t\t\t\t\t\t\t\t\t<p>Nuestro Equipo de Educaci\u00f3n ha creado esta p\u00e1gina con el prop\u00f3sito de compartir  informaci\u00f3n y recursos para estudiantes que est\u00e1n en proceso de matricularse en la universidad, buscan becas o est\u00e1n interesados en aprender sobre programas acad\u00e9micos. Sabemos lo dif\u00edcil que puede ser este proceso, \u00a1Esperamos que aproveche esta informaci\u00f3n!<\/p>\n<p>Si tiene alguna pregunta, llame o env\u00ede un mensaje de texto a nuestra l\u00ednea telef\u00f3nica:&nbsp;<\/p><p>864-256-0760 o env\u00ede un correo electr\u00f3nico a Valentina Izurieta a <a href=\"mailto:Valentina@HispanicAllianceSC.com\">Valentina@HispanicAllianceSC.com<\/a>.<\/p>\t\t\t\t\t\t\t\t<\/div>\n\t\t\t\t<\/div>\n\t\t\t\t<div class=\"elementor-element elementor-element-d336b47 elementor-widget-divider--view-line elementor-widget elementor-widget-divider\" data-id=\"d336b47\" data-element_type=\"widget\" data-e-type=\"widget\" data-widget_type=\"divider.default\">\n\t\t\t\t<div class=\"elementor-widget-container\">\n\t\t\t\t\t\t\t<div class=\"elementor-divider\">\n\t\t\t<span class=\"elementor-divider-separator\">\n\t\t\t\t\t\t<\/span>\n\t\t<\/div>\n\t\t\t\t\t\t<\/div>\n\t\t\t\t<\/div>\n\t\t\t\t<div class=\"elementor-element elementor-element-75ed152 elementor-widget elementor-widget-text-editor\" data-id=\"75ed152\" data-element_type=\"widget\" data-e-type=\"widget\" data-widget_type=\"text-editor.default\">\n\t\t\t\t<div class=\"elementor-widget-container\">\n\t\t\t\t\t\t\t\t\t<p>Nuestro equipo de Educaci\u00f3n ha reunido algunos consejos sobre c\u00f3mo encontrar becas. Para la mayor\u00eda de las becas, debe enviar un ensayo sobre usted. \u00a1No te preocupes! Te compartimos un folleto a continuaci\u00f3n que te informar\u00e1 como debes prepararte.<\/p>\t\t\t\t\t\t\t\t<\/div>\n\t\t\t\t<\/div>\n\t\t\t\t<div class=\"elementor-element elementor-element-9d8411f elementor-widget elementor-widget-button\" data-id=\"9d8411f\" data-element_type=\"widget\" data-e-type=\"widget\" data-widget_type=\"button.default\">\n\t\t\t\t<div class=\"elementor-widget-container\">\n\t\t\t\t\t\t\t\t\t<div class=\"elementor-button-wrapper\">\n\t\t\t\t\t<a class=\"elementor-button elementor-button-link elementor-size-sm\" href=\"https:\/\/hispanicalliancesc.com\/wp-content\/uploads\/2022\/11\/Steps-to-write-an-essay-for-a-scholarship-1.pdf\" target=\"_blank\">\n\t\t\t\t\t\t<span class=\"elementor-button-content-wrapper\">\n\t\t\t\t\t\t\t\t\t<span class=\"elementor-button-text\">Ensayo para una beca<\/span>\n\t\t\t\t\t<\/span>\n\t\t\t\t\t<\/a>\n\t\t\t\t<\/div>\n\t\t\t\t\t\t\t\t<\/div>\n\t\t\t\t<\/div>\n\t\t\t\t<div class=\"elementor-element elementor-element-1be133e elementor-widget elementor-widget-button\" data-id=\"1be133e\" data-element_type=\"widget\" data-e-type=\"widget\" data-widget_type=\"button.default\">\n\t\t\t\t<div class=\"elementor-widget-container\">\n\t\t\t\t\t\t\t\t\t<div class=\"elementor-button-wrapper\">\n\t\t\t\t\t<a class=\"elementor-button elementor-button-link elementor-size-sm\" href=\"https:\/\/hispanicalliancesc.com\/wp-content\/uploads\/2022\/11\/Steps-to-find-scholarships-1.pdf\" target=\"_blank\">\n\t\t\t\t\t\t<span class=\"elementor-button-content-wrapper\">\n\t\t\t\t\t\t\t\t\t<span class=\"elementor-button-text\">Pasos para encontrar becas<\/span>\n\t\t\t\t\t<\/span>\n\t\t\t\t\t<\/a>\n\t\t\t\t<\/div>\n\t\t\t\t\t\t\t\t<\/div>\n\t\t\t\t<\/div>\n\t\t\t\t<div class=\"elementor-element elementor-element-e8c93de elementor-widget elementor-widget-heading\" data-id=\"e8c93de\" data-element_type=\"widget\" data-e-type=\"widget\" data-widget_type=\"heading.default\">\n\t\t\t\t<div class=\"elementor-widget-container\">\n\t\t\t\t\t<h3 class=\"elementor-heading-title elementor-size-default\"><br>Base de datos de becas<\/h3>\t\t\t\t<\/div>\n\t\t\t\t<\/div>\n\t\t\t\t<div class=\"elementor-element elementor-element-0df5306 elementor-widget elementor-widget-text-editor\" data-id=\"0df5306\" data-element_type=\"widget\" data-e-type=\"widget\" data-widget_type=\"text-editor.default\">\n\t\t\t\t<div class=\"elementor-widget-container\">\n\t\t\t\t\t\t\t\t\tNuestra red y nuestro equipo conocen muchas becas diferentes y las han compilado en un solo documento para facilitar su visualizaci\u00f3n. Esto siempre se actualiza, as\u00ed que vuelva con frecuencia para conocer las oportunidades de becas actualizadas. \u00a1Haga clic en el bot\u00f3n de abajo para acceder a la hoja de Google en vivo o descargar!\t\t\t\t\t\t\t\t<\/div>\n\t\t\t\t<\/div>\n\t\t\t\t<div class=\"elementor-element elementor-element-83b3eac elementor-widget elementor-widget-button\" data-id=\"83b3eac\" data-element_type=\"widget\" data-e-type=\"widget\" data-widget_type=\"button.default\">\n\t\t\t\t<div class=\"elementor-widget-container\">\n\t\t\t\t\t\t\t\t\t<div class=\"elementor-button-wrapper\">\n\t\t\t\t\t<a class=\"elementor-button elementor-button-link elementor-size-sm\" href=\"https:\/\/docs.google.com\/spreadsheets\/d\/1M0uwv7YVkiNbCObBLYQGWYed65HLzylJBw0lDn5vIyk\/edit?usp=sharing\" target=\"_blank\">\n\t\t\t\t\t\t<span class=\"elementor-button-content-wrapper\">\n\t\t\t\t\t\t\t\t\t<span class=\"elementor-button-text\">Ver base de datos de becas<\/span>\n\t\t\t\t\t<\/span>\n\t\t\t\t\t<\/a>\n\t\t\t\t<\/div>\n\t\t\t\t\t\t\t\t<\/div>\n\t\t\t\t<\/div>\n\t\t\t\t<div class=\"elementor-element elementor-element-526779b elementor-widget-divider--view-line elementor-widget elementor-widget-divider\" data-id=\"526779b\" data-element_type=\"widget\" data-e-type=\"widget\" data-widget_type=\"divider.default\">\n\t\t\t\t<div class=\"elementor-widget-container\">\n\t\t\t\t\t\t\t<div class=\"elementor-divider\">\n\t\t\t<span class=\"elementor-divider-separator\">\n\t\t\t\t\t\t<\/span>\n\t\t<\/div>\n\t\t\t\t\t\t<\/div>\n\t\t\t\t<\/div>\n\t\t\t\t<div class=\"elementor-element elementor-element-1dbb479 elementor-widget elementor-widget-text-editor\" data-id=\"1dbb479\" data-element_type=\"widget\" data-e-type=\"widget\" data-widget_type=\"text-editor.default\">\n\t\t\t\t<div class=\"elementor-widget-container\">\n\t\t\t\t\t\t\t\t\t<div id=\"comp-kuxcv6w7\" class=\"_1Q9if _3bcaz\" data-testid=\"richTextElement\"><p class=\"font_8\">A veces puede ser dif\u00edcil encontrar becas para la escuela de su elecci\u00f3n. Hemos facilitado el proceso al proveer un enlace directo a algunos de nuestros socios de nuestro equipo de Educaci\u00f3n. Haga clic en el logotipo de la escuela de su elecci\u00f3n para ver una lista de becas provistas en la escuela.<\/p><\/div>\t\t\t\t\t\t\t\t<\/div>\n\t\t\t\t<\/div>\n\t\t<div class=\"elementor-element elementor-element-e9b81b4 e-con-full e-flex e-con e-child\" data-id=\"e9b81b4\" data-element_type=\"container\" data-e-type=\"container\" data-settings=\"{&quot;jet_parallax_layout_list&quot;:[]}\">\n\t\t<div class=\"elementor-element elementor-element-8153a0e e-con-full e-flex e-con e-child\" data-id=\"8153a0e\" data-element_type=\"container\" data-e-type=\"container\" data-settings=\"{&quot;jet_parallax_layout_list&quot;:[]}\">\n\t\t\t\t<div class=\"elementor-element elementor-element-a0c1439 elementor-widget elementor-widget-image\" data-id=\"a0c1439\" data-element_type=\"widget\" data-e-type=\"widget\" data-widget_type=\"image.default\">\n\t\t\t\t<div class=\"elementor-widget-container\">\n\t\t\t\t\t\t\t\t\t\t\t\t\t\t\t\t<a href=\"https:\/\/www.gvltec.edu\/admissions_aid\/financial_aid\/scholarships\/index.html\" target=\"_blank\" rel=\"nofollow\">\n\t\t\t\t\t\t\t<img fetchpriority=\"high\" decoding=\"async\" width=\"320\" height=\"168\" src=\"https:\/\/hispanicalliancesc.com\/wp-content\/uploads\/2022\/11\/Greenville-Tech-logo-centered.webp\" class=\"attachment-large size-large wp-image-1433\" alt=\"\" srcset=\"https:\/\/hispanicalliancesc.com\/wp-content\/uploads\/2022\/11\/Greenville-Tech-logo-centered.webp 320w, https:\/\/hispanicalliancesc.com\/wp-content\/uploads\/2022\/11\/Greenville-Tech-logo-centered-300x158.webp 300w, https:\/\/hispanicalliancesc.com\/wp-content\/uploads\/2022\/11\/Greenville-Tech-logo-centered-18x9.webp 18w\" sizes=\"(max-width: 320px) 100vw, 320px\" \/>\t\t\t\t\t\t\t\t<\/a>\n\t\t\t\t\t\t\t\t\t\t\t\t\t\t\t<\/div>\n\t\t\t\t<\/div>\n\t\t\t\t<\/div>\n\t\t<div class=\"elementor-element elementor-element-919a776 e-con-full e-flex e-con e-child\" data-id=\"919a776\" data-element_type=\"container\" data-e-type=\"container\" data-settings=\"{&quot;jet_parallax_layout_list&quot;:[]}\">\n\t\t\t\t<div class=\"elementor-element elementor-element-0107f46 elementor-widget elementor-widget-image\" data-id=\"0107f46\" data-element_type=\"widget\" data-e-type=\"widget\" data-widget_type=\"image.default\">\n\t\t\t\t<div class=\"elementor-widget-container\">\n\t\t\t\t\t\t\t\t\t\t\t\t\t\t\t\t<a href=\"https:\/\/www.furman.edu\/financial-aid\/aid-types\/scholarships\/\" target=\"_blank\" rel=\"nofollow\">\n\t\t\t\t\t\t\t<img decoding=\"async\" width=\"626\" height=\"92\" data-src=\"https:\/\/hispanicalliancesc.com\/wp-content\/uploads\/2022\/11\/Furman_Logo.webp\" class=\"attachment-large size-large wp-image-1432 lazyload\" alt=\"\" data-srcset=\"https:\/\/hispanicalliancesc.com\/wp-content\/uploads\/2022\/11\/Furman_Logo.webp 626w, https:\/\/hispanicalliancesc.com\/wp-content\/uploads\/2022\/11\/Furman_Logo-300x44.webp 300w, https:\/\/hispanicalliancesc.com\/wp-content\/uploads\/2022\/11\/Furman_Logo-18x3.webp 18w\" data-sizes=\"auto\" src=\"data:image\/svg+xml;base64,PHN2ZyB3aWR0aD0iMSIgaGVpZ2h0PSIxIiB4bWxucz0iaHR0cDovL3d3dy53My5vcmcvMjAwMC9zdmciPjwvc3ZnPg==\" style=\"--smush-placeholder-width: 626px; --smush-placeholder-aspect-ratio: 626\/92;\" data-original-sizes=\"(max-width: 626px) 100vw, 626px\" \/>\t\t\t\t\t\t\t\t<\/a>\n\t\t\t\t\t\t\t\t\t\t\t\t\t\t\t<\/div>\n\t\t\t\t<\/div>\n\t\t\t\t<\/div>\n\t\t<div class=\"elementor-element elementor-element-c15cbaa e-con-full e-flex e-con e-child\" data-id=\"c15cbaa\" data-element_type=\"container\" data-e-type=\"container\" data-settings=\"{&quot;jet_parallax_layout_list&quot;:[]}\">\n\t\t\t\t<div class=\"elementor-element elementor-element-203d27c elementor-widget elementor-widget-image\" data-id=\"203d27c\" data-element_type=\"widget\" data-e-type=\"widget\" data-widget_type=\"image.default\">\n\t\t\t\t<div class=\"elementor-widget-container\">\n\t\t\t\t\t\t\t\t\t\t\t\t\t\t\t\t<a href=\"https:\/\/www.smcsc.edu\/admissions\/financial-aid\/grants-and-scholarships\/\" target=\"_blank\" rel=\"nofollow\">\n\t\t\t\t\t\t\t<img decoding=\"async\" width=\"222\" height=\"222\" data-src=\"https:\/\/hispanicalliancesc.com\/wp-content\/uploads\/2022\/11\/smc-logo.webp\" class=\"attachment-large size-large wp-image-1434 lazyload\" alt=\"\" data-srcset=\"https:\/\/hispanicalliancesc.com\/wp-content\/uploads\/2022\/11\/smc-logo.webp 222w, https:\/\/hispanicalliancesc.com\/wp-content\/uploads\/2022\/11\/smc-logo-150x150.webp 150w, https:\/\/hispanicalliancesc.com\/wp-content\/uploads\/2022\/11\/smc-logo-12x12.webp 12w\" data-sizes=\"auto\" src=\"data:image\/svg+xml;base64,PHN2ZyB3aWR0aD0iMSIgaGVpZ2h0PSIxIiB4bWxucz0iaHR0cDovL3d3dy53My5vcmcvMjAwMC9zdmciPjwvc3ZnPg==\" style=\"--smush-placeholder-width: 222px; --smush-placeholder-aspect-ratio: 222\/222;\" data-original-sizes=\"(max-width: 222px) 100vw, 222px\" \/>\t\t\t\t\t\t\t\t<\/a>\n\t\t\t\t\t\t\t\t\t\t\t\t\t\t\t<\/div>\n\t\t\t\t<\/div>\n\t\t\t\t<\/div>\n\t\t\t\t<\/div>\n\t\t<div class=\"elementor-element elementor-element-7f80873 e-con-full e-flex e-con e-child\" data-id=\"7f80873\" data-element_type=\"container\" data-e-type=\"container\" data-settings=\"{&quot;jet_parallax_layout_list&quot;:[]}\">\n\t\t<div class=\"elementor-element elementor-element-cb7b732 e-con-full e-flex e-con e-child\" data-id=\"cb7b732\" data-element_type=\"container\" data-e-type=\"container\" data-settings=\"{&quot;jet_parallax_layout_list&quot;:[]}\">\n\t\t\t\t<div class=\"elementor-element elementor-element-baf3001 elementor-widget elementor-widget-image\" data-id=\"baf3001\" data-element_type=\"widget\" data-e-type=\"widget\" data-widget_type=\"image.default\">\n\t\t\t\t<div class=\"elementor-widget-container\">\n\t\t\t\t\t\t\t\t\t\t\t\t\t\t\t\t<a href=\"https:\/\/www.clemson.edu\/financial-aid\/types\/scholarships\/\" target=\"_blank\" rel=\"nofollow\">\n\t\t\t\t\t\t\t<img decoding=\"async\" width=\"460\" height=\"128\" data-src=\"https:\/\/hispanicalliancesc.com\/wp-content\/uploads\/2022\/11\/Clemson-logo.webp\" class=\"attachment-large size-large wp-image-1431 lazyload\" alt=\"\" data-srcset=\"https:\/\/hispanicalliancesc.com\/wp-content\/uploads\/2022\/11\/Clemson-logo.webp 460w, https:\/\/hispanicalliancesc.com\/wp-content\/uploads\/2022\/11\/Clemson-logo-300x83.webp 300w, https:\/\/hispanicalliancesc.com\/wp-content\/uploads\/2022\/11\/Clemson-logo-18x5.webp 18w\" data-sizes=\"auto\" src=\"data:image\/svg+xml;base64,PHN2ZyB3aWR0aD0iMSIgaGVpZ2h0PSIxIiB4bWxucz0iaHR0cDovL3d3dy53My5vcmcvMjAwMC9zdmciPjwvc3ZnPg==\" style=\"--smush-placeholder-width: 460px; --smush-placeholder-aspect-ratio: 460\/128;\" data-original-sizes=\"(max-width: 460px) 100vw, 460px\" \/>\t\t\t\t\t\t\t\t<\/a>\n\t\t\t\t\t\t\t\t\t\t\t\t\t\t\t<\/div>\n\t\t\t\t<\/div>\n\t\t\t\t<\/div>\n\t\t<div class=\"elementor-element elementor-element-56034e4 e-con-full e-flex e-con e-child\" data-id=\"56034e4\" data-element_type=\"container\" data-e-type=\"container\" data-settings=\"{&quot;jet_parallax_layout_list&quot;:[]}\">\n\t\t\t\t<div class=\"elementor-element elementor-element-2f9df58 elementor-widget elementor-widget-image\" data-id=\"2f9df58\" data-element_type=\"widget\" data-e-type=\"widget\" data-widget_type=\"image.default\">\n\t\t\t\t<div class=\"elementor-widget-container\">\n\t\t\t\t\t\t\t\t\t\t\t\t\t\t\t\t<a href=\"https:\/\/www.uscupstate.edu\/admissions-and-financial-aid\/financial-aid\/scholarships-grants-and-loans\/\" target=\"_blank\" rel=\"nofollow\">\n\t\t\t\t\t\t\t<img decoding=\"async\" width=\"342\" height=\"154\" data-src=\"https:\/\/hispanicalliancesc.com\/wp-content\/uploads\/2022\/11\/university-of-south-carolina-upstate-logo.webp\" class=\"attachment-large size-large wp-image-1435 lazyload\" alt=\"\" data-srcset=\"https:\/\/hispanicalliancesc.com\/wp-content\/uploads\/2022\/11\/university-of-south-carolina-upstate-logo.webp 342w, https:\/\/hispanicalliancesc.com\/wp-content\/uploads\/2022\/11\/university-of-south-carolina-upstate-logo-300x135.webp 300w, https:\/\/hispanicalliancesc.com\/wp-content\/uploads\/2022\/11\/university-of-south-carolina-upstate-logo-18x8.webp 18w\" data-sizes=\"auto\" src=\"data:image\/svg+xml;base64,PHN2ZyB3aWR0aD0iMSIgaGVpZ2h0PSIxIiB4bWxucz0iaHR0cDovL3d3dy53My5vcmcvMjAwMC9zdmciPjwvc3ZnPg==\" style=\"--smush-placeholder-width: 342px; --smush-placeholder-aspect-ratio: 342\/154;\" data-original-sizes=\"(max-width: 342px) 100vw, 342px\" \/>\t\t\t\t\t\t\t\t<\/a>\n\t\t\t\t\t\t\t\t\t\t\t\t\t\t\t<\/div>\n\t\t\t\t<\/div>\n\t\t\t\t<\/div>\n\t\t<div class=\"elementor-element elementor-element-1e4332c e-con-full e-flex e-con e-child\" data-id=\"1e4332c\" data-element_type=\"container\" data-e-type=\"container\" data-settings=\"{&quot;jet_parallax_layout_list&quot;:[]}\">\n\t\t\t\t<div class=\"elementor-element elementor-element-f36b603 elementor-widget elementor-widget-image\" data-id=\"f36b603\" data-element_type=\"widget\" data-e-type=\"widget\" data-widget_type=\"image.default\">\n\t\t\t\t<div class=\"elementor-widget-container\">\n\t\t\t\t\t\t\t\t\t\t\t\t\t\t\t\t<a href=\"https:\/\/www.wofford.edu\/admission\/scholarships\" target=\"_blank\" rel=\"nofollow\">\n\t\t\t\t\t\t\t<img decoding=\"async\" width=\"408\" height=\"128\" data-src=\"https:\/\/hispanicalliancesc.com\/wp-content\/uploads\/2022\/11\/wofford-college.webp\" class=\"attachment-large size-large wp-image-1436 lazyload\" alt=\"\" data-srcset=\"https:\/\/hispanicalliancesc.com\/wp-content\/uploads\/2022\/11\/wofford-college.webp 408w, https:\/\/hispanicalliancesc.com\/wp-content\/uploads\/2022\/11\/wofford-college-300x94.webp 300w, https:\/\/hispanicalliancesc.com\/wp-content\/uploads\/2022\/11\/wofford-college-18x6.webp 18w\" data-sizes=\"auto\" src=\"data:image\/svg+xml;base64,PHN2ZyB3aWR0aD0iMSIgaGVpZ2h0PSIxIiB4bWxucz0iaHR0cDovL3d3dy53My5vcmcvMjAwMC9zdmciPjwvc3ZnPg==\" style=\"--smush-placeholder-width: 408px; --smush-placeholder-aspect-ratio: 408\/128;\" data-original-sizes=\"(max-width: 408px) 100vw, 408px\" \/>\t\t\t\t\t\t\t\t<\/a>\n\t\t\t\t\t\t\t\t\t\t\t\t\t\t\t<\/div>\n\t\t\t\t<\/div>\n\t\t\t\t<\/div>\n\t\t\t\t<\/div>\n\t\t\t\t<\/div>\n\t\t\t\t<\/div>","protected":false},"excerpt":{"rendered":"<p>Recursos e informaci\u00f3n y recursos para estudiantes que est\u00e1n en el proceso de postularse a la universidad, buscando becas o interesados en aprender sobre programas acad\u00e9micos. <\/p>","protected":false},"author":1,"featured_media":0,"parent":0,"menu_order":0,"comment_status":"closed","ping_status":"closed","template":"","meta":{"_acf_changed":false,"footnotes":""},"main-page-type":[45],"class_list":["post-1427","page","type-page","status-publish","hentry","main-page-type-resources-pages"],"acf":[],"_links":{"self":[{"href":"https:\/\/hispanicalliancesc.com\/es\/wp-json\/wp\/v2\/pages\/1427","targetHints":{"allow":["GET"]}}],"collection":[{"href":"https:\/\/hispanicalliancesc.com\/es\/wp-json\/wp\/v2\/pages"}],"about":[{"href":"https:\/\/hispanicalliancesc.com\/es\/wp-json\/wp\/v2\/types\/page"}],"author":[{"embeddable":true,"href":"https:\/\/hispanicalliancesc.com\/es\/wp-json\/wp\/v2\/users\/1"}],"replies":[{"embeddable":true,"href":"https:\/\/hispanicalliancesc.com\/es\/wp-json\/wp\/v2\/comments?post=1427"}],"version-history":[{"count":3,"href":"https:\/\/hispanicalliancesc.com\/es\/wp-json\/wp\/v2\/pages\/1427\/revisions"}],"predecessor-version":[{"id":14155,"href":"https:\/\/hispanicalliancesc.com\/es\/wp-json\/wp\/v2\/pages\/1427\/revisions\/14155"}],"wp:attachment":[{"href":"https:\/\/hispanicalliancesc.com\/es\/wp-json\/wp\/v2\/media?parent=1427"}],"wp:term":[{"taxonomy":"main-page-type","embeddable":true,"href":"https:\/\/hispanicalliancesc.com\/es\/wp-json\/wp\/v2\/main-page-type?post=1427"}],"curies":[{"name":"wp","href":"https:\/\/api.w.org\/{rel}","templated":true}]}}