{"id":1133,"date":"2022-11-13T15:57:22","date_gmt":"2022-11-13T20:57:22","guid":{"rendered":"https:\/\/hasc.mysites.io\/?page_id=1133"},"modified":"2026-03-31T11:44:39","modified_gmt":"2026-03-31T15:44:39","slug":"resources-health","status":"publish","type":"page","link":"https:\/\/hispanicalliancesc.com\/es\/resources-health\/","title":{"rendered":"Recursos de Salud"},"content":{"rendered":"<div data-elementor-type=\"wp-page\" data-elementor-id=\"1133\" class=\"elementor elementor-1133\" data-elementor-post-type=\"page\">\n\t\t\t\t<div class=\"elementor-element elementor-element-afd775c e-flex e-con-boxed e-con e-child\" data-id=\"afd775c\" data-element_type=\"container\" data-e-type=\"container\" data-settings=\"{&quot;jet_parallax_layout_list&quot;:[]}\">\n\t\t\t\t\t<div class=\"e-con-inner\">\n\t\t<div class=\"elementor-element elementor-element-af25aa1 e-con-full e-flex e-con e-child\" data-id=\"af25aa1\" data-element_type=\"container\" data-e-type=\"container\" data-settings=\"{&quot;jet_parallax_layout_list&quot;:[]}\">\n\t\t\t\t<div class=\"elementor-element elementor-element-d2d09c8 elementor-widget elementor-widget-text-editor\" data-id=\"d2d09c8\" data-element_type=\"widget\" data-e-type=\"widget\" data-widget_type=\"text-editor.default\">\n\t\t\t\t<div class=\"elementor-widget-container\">\n\t\t\t\t\t\t\t\t\t<div style=\"align-self: auto; flex: 0 1 auto; order: 0; place-content: normal; align-items: normal; flex-flow: row; gap: 20px; --widgets-spacing: 20px 20px; --widgets-spacing-row: 20px; --widgets-spacing-column: 20px; --swiper-theme-color: #000; --swiper-navigation-size: 44px; --swiper-pagination-bullet-size: 6px; --swiper-pagination-bullet-horizontal-gap: 6px; --kit-widget-spacing: 0px; max-width: 100%;\" data-id=\"e8c93de\" data-element_type=\"widget\" data-e-type=\"widget\" data-widget_type=\"heading.default\"><h3><strong>Base de datos de recursos de salud mental<\/strong><\/h3><div><span style=\"text-wrap-mode: initial;\">Encontrar apoyo para la salud mental no deber\u00eda ser complicado. Gracias a nuestra red y equipo, hemos centralizado los recursos de salud mental en una base de datos f\u00e1cil de usar. Nuestro equipo actualiza constantemente este recurso para garantizar que siempre tengas acceso a las opciones de atenci\u00f3n m\u00e1s recientes.\u00a0<\/span><span style=\"text-wrap-mode: initial;\">\u00a1Haz clic en el bot\u00f3n de abajo para acceder a la hoja de c\u00e1lculo de Google en directo o descargarla!<\/span><span style=\"text-wrap-mode: initial;\">\u00a0<\/span><\/div><\/div>\t\t\t\t\t\t\t\t<\/div>\n\t\t\t\t<\/div>\n\t\t\t\t<div class=\"elementor-element elementor-element-f1dba65 elementor-widget elementor-widget-button\" data-id=\"f1dba65\" data-element_type=\"widget\" data-e-type=\"widget\" data-widget_type=\"button.default\">\n\t\t\t\t<div class=\"elementor-widget-container\">\n\t\t\t\t\t\t\t\t\t<div class=\"elementor-button-wrapper\">\n\t\t\t\t\t<a class=\"elementor-button elementor-button-link elementor-size-sm\" href=\"https:\/\/docs.google.com\/spreadsheets\/d\/1JvMBoVJVfk2Pbq3dj42wF2FMulmOuaoL\/edit?gid=1276737249#gid=1276737249\">\n\t\t\t\t\t\t<span class=\"elementor-button-content-wrapper\">\n\t\t\t\t\t\t\t\t\t<span class=\"elementor-button-text\">Base de datos de recursos de salud mental<\/span>\n\t\t\t\t\t<\/span>\n\t\t\t\t\t<\/a>\n\t\t\t\t<\/div>\n\t\t\t\t\t\t\t\t<\/div>\n\t\t\t\t<\/div>\n\t\t\t\t<\/div>\n\t\t\t\t<div class=\"elementor-element elementor-element-5894cd1 elementor-widget-divider--view-line elementor-widget elementor-widget-divider\" data-id=\"5894cd1\" data-element_type=\"widget\" data-e-type=\"widget\" data-widget_type=\"divider.default\">\n\t\t\t\t<div class=\"elementor-widget-container\">\n\t\t\t\t\t\t\t<div class=\"elementor-divider\">\n\t\t\t<span class=\"elementor-divider-separator\">\n\t\t\t\t\t\t<\/span>\n\t\t<\/div>\n\t\t\t\t\t\t<\/div>\n\t\t\t\t<\/div>\n\t\t\t\t<div class=\"elementor-element elementor-element-e82c973 elementor-widget elementor-widget-text-editor\" data-id=\"e82c973\" data-element_type=\"widget\" data-e-type=\"widget\" data-widget_type=\"text-editor.default\">\n\t\t\t\t<div class=\"elementor-widget-container\">\n\t\t\t\t\t\t\t\t\t<h3><strong>Sistema de Salud Bon Secours<\/strong><\/h3><p><span style=\"font-weight: 400;\">Sistema de Salud Bon Secours El Hospital St. Francis ofrece servicios m\u00e9dicos que incluyen una sala de emergencias, programas de salud mental, enfermedades cr\u00f3nicas, c\u00e1ncer y m\u00e1s.<\/span><\/p><ul><li><span style=\"font-weight: 400;\">LifeWise<\/span><ul><li><span style=\"font-weight: 400;\">LifeWise es un programa de extensi\u00f3n social dise\u00f1ado para mujeres y hombres mayores de 55 a\u00f1os. LifeWise promueve el bienestar f\u00edsico, emocional, social y espiritual a trav\u00e9s de diversas oportunidades educativas, actividades, eventos y beneficios para la membres\u00eda. Obtenga m\u00e1s informaci\u00f3n sobre LifeWise. <\/span><a href=\"https:\/\/www.bonsecours.com\/locations\/community-services\/greenville\/st-francis-lifewise\" target=\"_blank\" rel=\"noopener\"><span style=\"font-weight: 400;\">aqu\u00ed<\/span><\/a><span style=\"font-weight: 400;\">.<\/span><\/li><\/ul><\/li><li><span style=\"font-weight: 400;\">Alcance del bienestar comunitario<\/span><ul><li><span style=\"font-weight: 400;\">Al fomentar relaciones de confianza con los miembros de la comunidad, el equipo de extensi\u00f3n de bienestar transforma el dolor en esperanza, promueve y defiende la dignidad humana y fomenta un entorno curativo y solidario.<\/span><span style=\"font-weight: 400;\"> Si desea obtener m\u00e1s informaci\u00f3n sobre nuestro ministerio o necesita ayuda, llame al 864-241-5125. Para espa\u00f1ol, llame al 864-241-5125 y presione #2.<\/span><\/li><\/ul><\/li><li><span style=\"font-weight: 400;\">Bon Secours \u2013 Furgoneta m\u00e9dica m\u00f3vil St. Francis <\/span><ul><li style=\"font-weight: 400;\" aria-level=\"2\"><span style=\"font-weight: 400;\">Aumentar el acceso a servicios de atenci\u00f3n primaria integrales y de alta calidad en las comunidades de Greenville y \u00e1reas circundantes a lo largo de todas las etapas de la vida.\u00a0<\/span><ul><li><a href=\"https:\/\/www.bonsecours.com\/-\/media\/bon-secours\/community-involvement\/greenville\/bon-secours-medical-mobile-van-calendar.ashx\"><span style=\"font-weight: 400;\">Calendario mensual (espa\u00f1ol)<\/span><\/a><\/li><li><a href=\"https:\/\/www.bonsecours.com\/-\/media\/bon-secours\/community-involvement\/greenville\/medical-mobile-flyer-spanish-version.ashx\"><span style=\"font-weight: 400;\">Calendario mensual (espa\u00f1ol)<\/span><\/a><\/li><\/ul><\/li><\/ul><\/li><li>\u00a0Mamograf\u00eda m\u00f3vil<ul><li style=\"font-weight: 400;\" aria-level=\"2\"><span style=\"font-weight: 400;\">Elegibilidad: Mujeres de 40 a\u00f1os o m\u00e1s que deben realizarse la mamograf\u00eda de detecci\u00f3n anual. Mujeres de 35 a 40 a\u00f1os que necesitan su mamograf\u00eda de referencia. Mamograf\u00edas 2D y 3D disponibles. Las pacientes deben poder subir las escaleras del autob\u00fas y mantenerse de pie sin ayuda. Las pacientes DEBEN presentar una identificaci\u00f3n con foto y su tarjeta de seguro m\u00e9dico a la cita. Para programar una cita, llame al <\/span><span style=\"font-weight: 400;\">864-675-4875<\/span><span style=\"font-weight: 400;\"> y pide la ubicaci\u00f3n de tu preferencia<\/span><\/li><\/ul><\/li><\/ul>\t\t\t\t\t\t\t\t<\/div>\n\t\t\t\t<\/div>\n\t\t\t\t<div class=\"elementor-element elementor-element-4785951 elementor-widget-divider--view-line elementor-widget elementor-widget-divider\" data-id=\"4785951\" data-element_type=\"widget\" data-e-type=\"widget\" data-widget_type=\"divider.default\">\n\t\t\t\t<div class=\"elementor-widget-container\">\n\t\t\t\t\t\t\t<div class=\"elementor-divider\">\n\t\t\t<span class=\"elementor-divider-separator\">\n\t\t\t\t\t\t<\/span>\n\t\t<\/div>\n\t\t\t\t\t\t<\/div>\n\t\t\t\t<\/div>\n\t\t\t\t<div class=\"elementor-element elementor-element-57c89e5 elementor-widget elementor-widget-text-editor\" data-id=\"57c89e5\" data-element_type=\"widget\" data-e-type=\"widget\" data-widget_type=\"text-editor.default\">\n\t\t\t\t<div class=\"elementor-widget-container\">\n\t\t\t\t\t\t\t\t\t<h3><strong>Prisma Salud<\/strong><\/h3><ul><li>PASOs Greenville tiene trabajadores de salud comunitarios que pueden conectarlo con recursos, responder preguntas y ayudarlo a acceder a pruebas, talleres y atenci\u00f3n.<ul><li><a href=\"https:\/\/www.facebook.com\/pasosgreenville\" target=\"_blank\" rel=\"noopener\">Haga clic aqu\u00ed para m\u00e1s informaci\u00f3n<\/a><\/li><li><a href=\"https:\/\/www.scpasos.org\/our-team\/\" target=\"_blank\" rel=\"noopener\">Con\u00e9ctese con las ODEPA<\/a><\/li><\/ul><\/li><li>Cl\u00ednica de salud m\u00f3vil Prisma Health en diferentes ubicaciones cada mes. La cl\u00ednica m\u00f3vil est\u00e1 disponible de lunes a jueves de 9 a. m. a 4 p. m. Llame al 864-455-9349 si tiene preguntas. Visite la p\u00e1gina de Facebook o consulte los enlaces con los calendarios y el volante con descripci\u00f3n para obtener m\u00e1s informaci\u00f3n.<ul><li><a href=\"https:\/\/prismahealth.org\/services\/other-services\/mobile-health-clinic\" target=\"_blank\" rel=\"noopener\">Haga clic aqu\u00ed para ver el horario biling\u00fce de MHC<\/a><\/li><\/ul><\/li><li>El Programa de mamograf\u00eda m\u00f3vil en Prisma Health atender\u00e1 a mujeres en el \u00e1rea norte del estado, algunas de las cuales no podr\u00edan recibir una mamograf\u00eda de otra manera. La unidad viaja a su sitio y proporciona ex\u00e1menes de mamograf\u00eda digital de \u00faltima generaci\u00f3n. Para programar una visita a su organizaci\u00f3n, siga el enlace a continuaci\u00f3n.<ul><li><a href=\"https:\/\/prismahealth.org\/services\/womens-health\/breast-health\" target=\"_blank\" rel=\"noopener\">Haga clic aqu\u00ed para m\u00e1s informaci\u00f3n<\/a><\/li><\/ul><\/li><\/ul>\t\t\t\t\t\t\t\t<\/div>\n\t\t\t\t<\/div>\n\t\t\t\t<div class=\"elementor-element elementor-element-fbc9ee2 elementor-widget-divider--view-line elementor-widget elementor-widget-divider\" data-id=\"fbc9ee2\" data-element_type=\"widget\" data-e-type=\"widget\" data-widget_type=\"divider.default\">\n\t\t\t\t<div class=\"elementor-widget-container\">\n\t\t\t\t\t\t\t<div class=\"elementor-divider\">\n\t\t\t<span class=\"elementor-divider-separator\">\n\t\t\t\t\t\t<\/span>\n\t\t<\/div>\n\t\t\t\t\t\t<\/div>\n\t\t\t\t<\/div>\n\t\t\t\t<div class=\"elementor-element elementor-element-6ae4a62 elementor-widget elementor-widget-text-editor\" data-id=\"6ae4a62\" data-element_type=\"widget\" data-e-type=\"widget\" data-widget_type=\"text-editor.default\">\n\t\t\t\t<div class=\"elementor-widget-container\">\n\t\t\t\t\t\t\t\t\t<h3><b>Salud de la unidad en Main<\/b><\/h3><p><b><span style=\"font-weight: 400;\">Medicina pedi\u00e1trica y familiar de rutina y preventiva. Aceptan Medicaid, Medicare y seguros privados. Ofrecen una escala m\u00f3vil de honorarios seg\u00fan el tama\u00f1o de la familia y los ingresos para personas sin seguro. <\/span><a href=\"https:\/\/unityhealthonmain.org\/\"><span style=\"font-weight: 400;\">https:\/\/unityhealthonmain.org\/<\/span><\/a><\/b><\/p><ul><li><span style=\"font-weight: 400;\"><span style=\"font-weight: bold;\">Greenville\u00a0<\/span>864.232.2734 #1 espa\u00f1ol<\/span><\/li><li style=\"list-style-type: none;\"><br \/><ul><li style=\"font-weight: 400;\" aria-level=\"1\"><span style=\"font-weight: 400;\">505 N Main Street, Suite C, Greenville, SC 29601<\/span><\/li><\/ul><\/li><\/ul>\t\t\t\t\t\t\t\t<\/div>\n\t\t\t\t<\/div>\n\t\t\t\t<div class=\"elementor-element elementor-element-85f0925 elementor-widget-divider--view-line elementor-widget elementor-widget-divider\" data-id=\"85f0925\" data-element_type=\"widget\" data-e-type=\"widget\" data-widget_type=\"divider.default\">\n\t\t\t\t<div class=\"elementor-widget-container\">\n\t\t\t\t\t\t\t<div class=\"elementor-divider\">\n\t\t\t<span class=\"elementor-divider-separator\">\n\t\t\t\t\t\t<\/span>\n\t\t<\/div>\n\t\t\t\t\t\t<\/div>\n\t\t\t\t<\/div>\n\t\t\t\t<div class=\"elementor-element elementor-element-814dd76 elementor-widget elementor-widget-text-editor\" data-id=\"814dd76\" data-element_type=\"widget\" data-e-type=\"widget\" data-widget_type=\"text-editor.default\">\n\t\t\t\t<div class=\"elementor-widget-container\">\n\t\t\t\t\t\t\t\t\t<h3><b>Cl\u00ednica m\u00e9dica gratuita de Greenville\u00a0<\/b><\/h3><p><span style=\"font-weight: 400;\">Servicios gratuitos de atenci\u00f3n m\u00e9dica y bienestar para personas con poco o ning\u00fan seguro m\u00e9dico. <\/span><a href=\"http:\/\/www.greenvillefreeclinic.org\/\"><span style=\"font-weight: 400;\">http:\/\/www.greenvillefreeclinic.org\/<\/span><\/a><\/p><ul><li><span style=\"font-weight: 400;\">600 Arlington Ave, Greenville, SC 29601 864.232.1470 #1 espa\u00f1ol<\/span><\/li><\/ul>\t\t\t\t\t\t\t\t<\/div>\n\t\t\t\t<\/div>\n\t\t\t\t<div class=\"elementor-element elementor-element-b483bce elementor-widget-divider--view-line elementor-widget elementor-widget-divider\" data-id=\"b483bce\" data-element_type=\"widget\" data-e-type=\"widget\" data-widget_type=\"divider.default\">\n\t\t\t\t<div class=\"elementor-widget-container\">\n\t\t\t\t\t\t\t<div class=\"elementor-divider\">\n\t\t\t<span class=\"elementor-divider-separator\">\n\t\t\t\t\t\t<\/span>\n\t\t<\/div>\n\t\t\t\t\t\t<\/div>\n\t\t\t\t<\/div>\n\t\t\t\t<div class=\"elementor-element elementor-element-88b2ab5 elementor-widget elementor-widget-text-editor\" data-id=\"88b2ab5\" data-element_type=\"widget\" data-e-type=\"widget\" data-widget_type=\"text-editor.default\">\n\t\t\t\t<div class=\"elementor-widget-container\">\n\t\t\t\t\t\t\t\t\t<h3><b>Servicios Familiares Nuevo Horizonte<\/b><\/h3><p><span style=\"font-weight: 400;\">Servicios m\u00e9dicos y dentales. New Horizon cuenta con farmacia, asistencia m\u00e9dica para personas sin hogar y servicio de interpretaci\u00f3n gratuito. Los servicios de New Horizon ofrecen descuentos para personas que cumplen los requisitos.<\/span> <a href=\"http:\/\/www.newhorizonfhs.org\/\"><span style=\"font-weight: 400;\">http:\/\/www.newhorizonfhs.org\/<\/span><\/a><\/p><ul><li><b>Greenville<\/b><span style=\"font-weight: 400;\"> 864.729.8330 #8 espa\u00f1ol <\/span><ul><li><span style=\"font-weight: 400;\">975 West Faris Road, Greenville, SC 29605<\/span><\/li><\/ul><\/li><li><b>Descanso de viajeros <\/b><span style=\"font-weight: 400;\">864.836.1109 #8 espa\u00f1ol <\/span><ul><li><span style=\"font-weight: 400;\">1588 Geer Highway, Travelers Rest, SC 29690<\/span><\/li><\/ul><\/li><li><b>verde <\/b><span style=\"font-weight: 400;\">864.801.2035 #8 espa\u00f1ol <\/span><ul><li><span style=\"font-weight: 400;\">111-A Berry Avenue, Greer, SC 29651<\/span><\/li><\/ul><\/li><li><b>Servicios dentales: <\/b>864.351.2400 #8 espa\u00f1ol<ul><li><span style=\"font-weight: 400;\">1 Memorial Medical Drive, Greenville, SC 29605<\/span><\/li><\/ul><\/li><li><b>Equipo M\u00e9dico M\u00f3vil (MMT)<\/b><span style=\"font-weight: 400;\">Un consultorio m\u00e9dico m\u00f3vil con todos los servicios, equipado con dos salas de examen, un proveedor m\u00e9dico y un equipo completo de personal de apoyo. Los pacientes pueden recibir una amplia gama de servicios de atenci\u00f3n primaria, que incluyen atenci\u00f3n preventiva, tratamiento de enfermedades leves y manejo de enfermedades cr\u00f3nicas. Si desea ser atendido por un profesional m\u00e9dico durante nuestra MMT en Annie&#039;s House, llame al 864-233-1534 ext. 1876 o <\/span><a href=\"https:\/\/geumzoabb.cc.rs6.net\/tn.jsp?f=001JZ3QzKbWUQIN9mk8iX00KbfgOQy-sCznJ65JYac0fdqAWbEGTsWKs-HYATQR3rolF32pMqY0qEDiqmBftGJM6f-p1jbpWVQXXC5rFoOZGbuZVauydY41DutcRnInCP4VsTUhy1uBydySOjnQkKwXxzyBp4Fzu4o1-WDxHJ7D-VfakCv3YTg8Xy6tEljhh3XK0rza7U7KHBlWFM5BxqwAdiAB6CxOYx67MQTASLwFHhs=&amp;c=z_NpJq2LyBfk_CVaGIR4mcHLsxTUSb1fFH6s6iU5hFITiZ60SIHahQ==&amp;ch=OaPtW9l52b_jnFU1W-vpO-lM02Xhv_ijaoqejSYZ9ukqGd56mTtr6A==\"><span style=\"font-weight: 400;\">haga clic aqu\u00ed<\/span><\/a><span style=\"font-weight: 400;\"> Para concertar una cita.<\/span><\/li><\/ul>\t\t\t\t\t\t\t\t<\/div>\n\t\t\t\t<\/div>\n\t\t\t\t\t<\/div>\n\t\t\t\t<\/div>\n\t\t\t\t<\/div>","protected":false},"excerpt":{"rendered":"<p>\u00a1Una lista de recursos de salud para que pueda recorrer el camino hacia un estilo de vida saludable y bienestar durante muchos a\u00f1os!<\/p>","protected":false},"author":1,"featured_media":0,"parent":0,"menu_order":0,"comment_status":"closed","ping_status":"closed","template":"","meta":{"_acf_changed":false,"footnotes":""},"main-page-type":[45],"class_list":["post-1133","page","type-page","status-publish","hentry","main-page-type-resources-pages"],"acf":[],"_links":{"self":[{"href":"https:\/\/hispanicalliancesc.com\/es\/wp-json\/wp\/v2\/pages\/1133","targetHints":{"allow":["GET"]}}],"collection":[{"href":"https:\/\/hispanicalliancesc.com\/es\/wp-json\/wp\/v2\/pages"}],"about":[{"href":"https:\/\/hispanicalliancesc.com\/es\/wp-json\/wp\/v2\/types\/page"}],"author":[{"embeddable":true,"href":"https:\/\/hispanicalliancesc.com\/es\/wp-json\/wp\/v2\/users\/1"}],"replies":[{"embeddable":true,"href":"https:\/\/hispanicalliancesc.com\/es\/wp-json\/wp\/v2\/comments?post=1133"}],"version-history":[{"count":3,"href":"https:\/\/hispanicalliancesc.com\/es\/wp-json\/wp\/v2\/pages\/1133\/revisions"}],"predecessor-version":[{"id":14069,"href":"https:\/\/hispanicalliancesc.com\/es\/wp-json\/wp\/v2\/pages\/1133\/revisions\/14069"}],"wp:attachment":[{"href":"https:\/\/hispanicalliancesc.com\/es\/wp-json\/wp\/v2\/media?parent=1133"}],"wp:term":[{"taxonomy":"main-page-type","embeddable":true,"href":"https:\/\/hispanicalliancesc.com\/es\/wp-json\/wp\/v2\/main-page-type?post=1133"}],"curies":[{"name":"wp","href":"https:\/\/api.w.org\/{rel}","templated":true}]}}