{"id":1067,"date":"2022-11-13T15:41:18","date_gmt":"2022-11-13T20:41:18","guid":{"rendered":"https:\/\/hasc.mysites.io\/?page_id=1067"},"modified":"2026-04-23T11:21:45","modified_gmt":"2026-04-23T15:21:45","slug":"resources-education","status":"publish","type":"page","link":"https:\/\/hispanicalliancesc.com\/es\/resources-education\/","title":{"rendered":"Recursos Educativos"},"content":{"rendered":"<div data-elementor-type=\"wp-page\" data-elementor-id=\"1067\" class=\"elementor elementor-1067\" data-elementor-post-type=\"page\">\n\t\t\t\t<div class=\"elementor-element elementor-element-e31a9d0 e-con-full e-flex e-con e-child\" data-id=\"e31a9d0\" data-element_type=\"container\" data-e-type=\"container\" data-settings=\"{&quot;jet_parallax_layout_list&quot;:[]}\">\n\t\t\t\t<div class=\"elementor-element elementor-element-76fd890 elementor-widget elementor-widget-text-editor\" data-id=\"76fd890\" data-element_type=\"widget\" data-e-type=\"widget\" data-widget_type=\"text-editor.default\">\n\t\t\t\t<div class=\"elementor-widget-container\">\n\t\t\t\t\t\t\t\t\t<h4 class=\"font_8\"><strong>Escuelas del condado de Greenville<\/strong><\/h4><ul class=\"font_8\"><li><p class=\"font_8\">Tutor\u00edas gratuitas<\/p><ul class=\"font_8\"><li><p class=\"font_8\"><span style=\"font-family: -apple-system, BlinkMacSystemFont, 'Segoe UI', Roboto, 'Helvetica Neue', Arial, 'Noto Sans', sans-serif, 'Apple Color Emoji', 'Segoe UI Emoji', 'Segoe UI Symbol', 'Noto Color Emoji';\">Todos los residentes de Carolina del Sur, incluidas las escuelas del condado de Greenville. <span style=\"color: #333333;\">estudiantes<\/span>, tener acceso a tutor\u00edas en l\u00ednea gratuitas las 24 horas del d\u00eda, los 7 d\u00edas de la semana a trav\u00e9s de <\/span><a style=\"font-family: -apple-system, BlinkMacSystemFont, 'Segoe UI', Roboto, 'Helvetica Neue', Arial, 'Noto Sans', sans-serif, 'Apple Color Emoji', 'Segoe UI Emoji', 'Segoe UI Symbol', 'Noto Color Emoji';\" href=\"https:\/\/scdiscus.org\/\">Discusi\u00f3n del SC<\/a><span style=\"font-family: -apple-system, BlinkMacSystemFont, 'Segoe UI', Roboto, 'Helvetica Neue', Arial, 'Noto Sans', sans-serif, 'Apple Color Emoji', 'Segoe UI Emoji', 'Segoe UI Symbol', 'Noto Color Emoji';\">. Abarca matem\u00e1ticas, ciencias, redacci\u00f3n de ensayos y cursos de nivel avanzado (AP) tanto en ingl\u00e9s como en espa\u00f1ol.<\/span><\/p><\/li><\/ul><\/li><li><p class=\"font_8\">Educaci\u00f3n para adultos y formaci\u00f3n continua\u00a0<\/p><ul class=\"font_8\"><li><p class=\"font_8\"><span style=\"font-family: -apple-system, BlinkMacSystemFont, 'Segoe UI', Roboto, 'Helvetica Neue', Arial, 'Noto Sans', sans-serif, 'Apple Color Emoji', 'Segoe UI Emoji', 'Segoe UI Symbol', 'Noto Color Emoji';\">Aprendizaje a lo largo de la vida<\/span><\/p><ul class=\"font_8\"><li><p data-path-to-node=\"9,0,0\"><a href=\"https:\/\/www.greenville.k12.sc.us\/lifelong\/main.asp?titleid=gedclass#:~:text=General%20Information,Saturdays%2C%20depending%20on%20the%20program\"><span class=\"citation-55\">Certificado de equivalencia de estudios secundarios (GED) y diploma de escuela secundaria.<\/span><b data-path-to-node=\"9,0,0\" data-index-in-node=\"0\"><span class=\"citation-55\">:<\/span><\/b><\/a><span class=\"citation-55 citation-end-55\" style=\"color: #333333;\"> Ofrecen clases por la ma\u00f1ana y por la tarde para que los adultos completen su educaci\u00f3n secundaria.<\/span><\/p><\/li><li><p data-path-to-node=\"9,1,0\"><span class=\"citation-54\"><a href=\"https:\/\/www.greenville.k12.sc.us\/Schools\/profile.asp?schoolid=lifelong#:~:text=English%20classes%20for%20foreign%20born,and%20Saturday%20classes%20are%20available.\">Clases de ingl\u00e9s como segundo idioma<\/a>:<\/span><span class=\"citation-54 citation-end-54\" style=\"color: #333333;\"> La ense\u00f1anza del ingl\u00e9s como segunda lengua est\u00e1 disponible en cinco niveles de competencia.<\/span><\/p><\/li><li><p id=\"p-rc_918c8b55f43514c1-74\" data-path-to-node=\"9,2,0\"><span class=\"citation-53\"><a href=\"https:\/\/www.greenville.k12.sc.us\/News\/main.asp?titleid=2309careerready#:~:text=WIN's%20South%20Carolina%20Work%20Ready,College%20and%20Career%20Ready%20Standards.\">WorkKeys\/WIN<\/a>:<\/span><span class=\"citation-53 citation-end-53\" style=\"color: #333333;\"> Preparaci\u00f3n y examen para obtener el Certificado de Preparaci\u00f3n para la Carrera Profesional Work Ready de Carolina del Sur, que a menudo se exige para puestos de trabajo en los sectores manufacturero y m\u00e9dico locales.<\/span><\/p><\/li><\/ul><\/li><\/ul><\/li><\/ul>\t\t\t\t\t\t\t\t<\/div>\n\t\t\t\t<\/div>\n\t\t\t\t<div class=\"elementor-element elementor-element-4d71cdb elementor-widget-divider--view-line elementor-widget elementor-widget-divider\" data-id=\"4d71cdb\" data-element_type=\"widget\" data-e-type=\"widget\" data-widget_type=\"divider.default\">\n\t\t\t\t<div class=\"elementor-widget-container\">\n\t\t\t\t\t\t\t<div class=\"elementor-divider\">\n\t\t\t<span class=\"elementor-divider-separator\">\n\t\t\t\t\t\t<\/span>\n\t\t<\/div>\n\t\t\t\t\t\t<\/div>\n\t\t\t\t<\/div>\n\t\t\t\t<div class=\"elementor-element elementor-element-2009c03 elementor-widget elementor-widget-text-editor\" data-id=\"2009c03\" data-element_type=\"widget\" data-e-type=\"widget\" data-widget_type=\"text-editor.default\">\n\t\t\t\t<div class=\"elementor-widget-container\">\n\t\t\t\t\t\t\t\t\t<h4 class=\"font_8\"><strong>Colegio T\u00e9cnico de Greenville<\/strong><\/h4><ul><li><p class=\"font_8\"><span style=\"color: #333333;\">Para los estudiantes que est\u00e9n considerando ingresar a Greenville Technical College, ofrecen tutor\u00edas gratuitas en diversas materias (historia, psicolog\u00eda, enfermer\u00eda, etc.) y centros espec\u00edficos de matem\u00e1ticas y escritura.<\/span><\/p><ul><li><a href=\"https:\/\/www.gvltec.edu\/student_resources\/student_support\/tutoring\/index.html\">Haga clic aqu\u00ed para m\u00e1s informaci\u00f3n<\/a><\/li><\/ul><\/li><\/ul>\t\t\t\t\t\t\t\t<\/div>\n\t\t\t\t<\/div>\n\t\t\t\t<div class=\"elementor-element elementor-element-b5e485b elementor-widget-divider--view-line elementor-widget elementor-widget-divider\" data-id=\"b5e485b\" data-element_type=\"widget\" data-e-type=\"widget\" data-widget_type=\"divider.default\">\n\t\t\t\t<div class=\"elementor-widget-container\">\n\t\t\t\t\t\t\t<div class=\"elementor-divider\">\n\t\t\t<span class=\"elementor-divider-separator\">\n\t\t\t\t\t\t<\/span>\n\t\t<\/div>\n\t\t\t\t\t\t<\/div>\n\t\t\t\t<\/div>\n\t\t\t\t<div class=\"elementor-element elementor-element-35faef4 elementor-widget elementor-widget-text-editor\" data-id=\"35faef4\" data-element_type=\"widget\" data-e-type=\"widget\" data-widget_type=\"text-editor.default\">\n\t\t\t\t<div class=\"elementor-widget-container\">\n\t\t\t\t\t\t\t\t\t<h4 class=\"font_8\"><strong>Colegio Comunitario de Spartanburg<\/strong><\/h4><ul><li><p class=\"font_8\"><span class=\"citation-25\" style=\"font-family: -apple-system, BlinkMacSystemFont, 'Segoe UI', Roboto, 'Helvetica Neue', Arial, 'Noto Sans', sans-serif, 'Apple Color Emoji', 'Segoe UI Emoji', 'Segoe UI Symbol', 'Noto Color Emoji';\">El Sartanburg Community College (SCC) ha ampliado su iniciativa \u201cLive to Chase\u201d.<\/span><span class=\"citation-25\" style=\"font-family: -apple-system, BlinkMacSystemFont, 'Segoe UI', Roboto, 'Helvetica Neue', Arial, 'Noto Sans', sans-serif, 'Apple Color Emoji', 'Segoe UI Emoji', 'Segoe UI Symbol', 'Noto Color Emoji';\">\u00a0hasta el a\u00f1o acad\u00e9mico 2026-27<\/span><span class=\"citation-25 citation-end-25\" style=\"font-family: -apple-system, BlinkMacSystemFont, 'Segoe UI', Roboto, 'Helvetica Neue', Arial, 'Noto Sans', sans-serif, 'Apple Color Emoji', 'Segoe UI Emoji', 'Segoe UI Symbol', 'Noto Color Emoji';\">, que ofrece becas completas a estudiantes que cumplen los requisitos.<\/span> <span class=\"citation-24 citation-end-24\" style=\"font-family: -apple-system, BlinkMacSystemFont, 'Segoe UI', Roboto, 'Helvetica Neue', Arial, 'Noto Sans', sans-serif, 'Apple Color Emoji', 'Segoe UI Emoji', 'Segoe UI Symbol', 'Noto Color Emoji';\">Si bien el objetivo del programa es hacer que la educaci\u00f3n sea accesible a cualquier persona que viva o trabaje en Carolina del Sur, existen requisitos de elegibilidad y aspectos que no est\u00e1n cubiertos.<\/span><span style=\"font-family: -apple-system, BlinkMacSystemFont, 'Segoe UI', Roboto, 'Helvetica Neue', Arial, 'Noto Sans', sans-serif, 'Apple Color Emoji', 'Segoe UI Emoji', 'Segoe UI Symbol', 'Noto Color Emoji';\"> Para solicitar informaci\u00f3n o saber m\u00e1s, siga el enlace a continuaci\u00f3n.<\/span><\/p><ul><li><a style=\"text-wrap-mode: initial;\" href=\"https:\/\/www.sccsc.edu\/admissions-aid\/financial-aid\/tuition\/free\/#:~:text=The%20%22Live%20to%20Chase%20Initiative,higher%20education%20accessible%20to%20everyone.\">Haga clic aqu\u00ed para m\u00e1s informaci\u00f3n<\/a><\/li><\/ul><\/li><\/ul>\t\t\t\t\t\t\t\t<\/div>\n\t\t\t\t<\/div>\n\t\t\t\t<div class=\"elementor-element elementor-element-2d7c555 elementor-widget-divider--view-line elementor-widget elementor-widget-divider\" data-id=\"2d7c555\" data-element_type=\"widget\" data-e-type=\"widget\" data-widget_type=\"divider.default\">\n\t\t\t\t<div class=\"elementor-widget-container\">\n\t\t\t\t\t\t\t<div class=\"elementor-divider\">\n\t\t\t<span class=\"elementor-divider-separator\">\n\t\t\t\t\t\t<\/span>\n\t\t<\/div>\n\t\t\t\t\t\t<\/div>\n\t\t\t\t<\/div>\n\t\t\t\t<div class=\"elementor-element elementor-element-e39077f elementor-widget elementor-widget-text-editor\" data-id=\"e39077f\" data-element_type=\"widget\" data-e-type=\"widget\" data-widget_type=\"text-editor.default\">\n\t\t\t\t<div class=\"elementor-widget-container\">\n\t\t\t\t\t\t\t\t\t<h4 class=\"font_8\"><strong>Centro de Justicia Legal SC Appleseed<\/strong><\/h4><ul class=\"font_8\"><li><p class=\"font_8\">El Centro de Justicia Legal Appleseed de Carolina del Sur tiene una gu\u00eda para padres de Carolina del Sur sobre los grados K-12. Esta gu\u00eda ofrece una visi\u00f3n detallada de todo lo que necesita saber sobre sus hijos en lo que respecta a la educaci\u00f3n especial, la matriculaci\u00f3n y la disciplina.<\/p><ul><li><a href=\"http:\/\/www.scjustice.org\/south-carolina-parent-guide-for-k-12-students\/\" target=\"_blank\" rel=\"noopener\">Haga clic aqu\u00ed para obtener la gu\u00eda para padres para estudiantes de K-12<\/a><\/li><\/ul><\/li><\/ul>\t\t\t\t\t\t\t\t<\/div>\n\t\t\t\t<\/div>\n\t\t\t\t<div class=\"elementor-element elementor-element-03d6cd9 elementor-widget-divider--view-line elementor-widget elementor-widget-divider\" data-id=\"03d6cd9\" data-element_type=\"widget\" data-e-type=\"widget\" data-widget_type=\"divider.default\">\n\t\t\t\t<div class=\"elementor-widget-container\">\n\t\t\t\t\t\t\t<div class=\"elementor-divider\">\n\t\t\t<span class=\"elementor-divider-separator\">\n\t\t\t\t\t\t<\/span>\n\t\t<\/div>\n\t\t\t\t\t\t<\/div>\n\t\t\t\t<\/div>\n\t\t\t\t<div class=\"elementor-element elementor-element-f31f854 elementor-widget elementor-widget-text-editor\" data-id=\"f31f854\" data-element_type=\"widget\" data-e-type=\"widget\" data-widget_type=\"text-editor.default\">\n\t\t\t\t<div class=\"elementor-widget-container\">\n\t\t\t\t\t\t\t\t\t<h4 class=\"font_8\"><strong>JuventudConstruir<\/strong><\/h4><ul class=\"font_8\"><li><p>YouthBuild de Goodwill es un programa de educaci\u00f3n alternativa basado en la comunidad que brinda aprendizaje acad\u00e9mico y capacitaci\u00f3n en habilidades ocupacionales en construcci\u00f3n y manufactura para j\u00f3venes en riesgo de 17 a 24 a\u00f1os que no han completado su educaci\u00f3n secundaria.<\/p><ul><li><p class=\"font_8\"><a href=\"https:\/\/goodwillsc.org\/career-services\/programs\/youthbuild\/\" target=\"_blank\" rel=\"noreferrer noopener\">Haga clic aqu\u00ed para m\u00e1s informaci\u00f3n<\/a><\/p><\/li><\/ul><\/li><\/ul>\t\t\t\t\t\t\t\t<\/div>\n\t\t\t\t<\/div>\n\t\t\t\t<\/div>\n\t\t\t\t<\/div>","protected":false},"excerpt":{"rendered":"<p>Una lista de recursos educativos en el norte del estado de Carolina del Sur para garantizar la igualdad de acceso a la educaci\u00f3n superior y mejores oportunidades profesionales.<\/p>","protected":false},"author":1,"featured_media":0,"parent":0,"menu_order":0,"comment_status":"closed","ping_status":"closed","template":"","meta":{"_acf_changed":false,"footnotes":""},"main-page-type":[45],"class_list":["post-1067","page","type-page","status-publish","hentry","main-page-type-resources-pages"],"acf":[],"_links":{"self":[{"href":"https:\/\/hispanicalliancesc.com\/es\/wp-json\/wp\/v2\/pages\/1067","targetHints":{"allow":["GET"]}}],"collection":[{"href":"https:\/\/hispanicalliancesc.com\/es\/wp-json\/wp\/v2\/pages"}],"about":[{"href":"https:\/\/hispanicalliancesc.com\/es\/wp-json\/wp\/v2\/types\/page"}],"author":[{"embeddable":true,"href":"https:\/\/hispanicalliancesc.com\/es\/wp-json\/wp\/v2\/users\/1"}],"replies":[{"embeddable":true,"href":"https:\/\/hispanicalliancesc.com\/es\/wp-json\/wp\/v2\/comments?post=1067"}],"version-history":[{"count":3,"href":"https:\/\/hispanicalliancesc.com\/es\/wp-json\/wp\/v2\/pages\/1067\/revisions"}],"predecessor-version":[{"id":14142,"href":"https:\/\/hispanicalliancesc.com\/es\/wp-json\/wp\/v2\/pages\/1067\/revisions\/14142"}],"wp:attachment":[{"href":"https:\/\/hispanicalliancesc.com\/es\/wp-json\/wp\/v2\/media?parent=1067"}],"wp:term":[{"taxonomy":"main-page-type","embeddable":true,"href":"https:\/\/hispanicalliancesc.com\/es\/wp-json\/wp\/v2\/main-page-type?post=1067"}],"curies":[{"name":"wp","href":"https:\/\/api.w.org\/{rel}","templated":true}]}}