{"id":1031,"date":"2022-11-13T15:05:54","date_gmt":"2022-11-13T20:05:54","guid":{"rendered":"https:\/\/hasc.mysites.io\/?page_id=1031"},"modified":"2025-04-11T10:18:14","modified_gmt":"2025-04-11T14:18:14","slug":"resources-business","status":"publish","type":"page","link":"https:\/\/hispanicalliancesc.com\/es\/resources-business\/","title":{"rendered":"Recursos de Negocio"},"content":{"rendered":"<div data-elementor-type=\"wp-page\" data-elementor-id=\"1031\" class=\"elementor elementor-1031\" data-elementor-post-type=\"page\">\n\t\t\t\t<div class=\"elementor-element elementor-element-c74367c e-flex e-con-boxed e-con e-child\" data-id=\"c74367c\" data-element_type=\"container\" data-e-type=\"container\" data-settings=\"{&quot;jet_parallax_layout_list&quot;:[]}\">\n\t\t\t\t\t<div class=\"e-con-inner\">\n\t\t\t\t<div class=\"elementor-element elementor-element-b8d36c8 elementor-widget elementor-widget-text-editor\" data-id=\"b8d36c8\" data-element_type=\"widget\" data-e-type=\"widget\" data-widget_type=\"text-editor.default\">\n\t\t\t\t<div class=\"elementor-widget-container\">\n\t\t\t\t\t\t\t\t\t<h4 class=\"font_8\"><strong>Condado de Greenville<\/strong><\/h4><ul class=\"font_8\"><li><p class=\"font_8\">El condado de Greenville ha publicado una lista de recursos disponibles para due\u00f1os de negocios a trav\u00e9s del Condado y el Estado. Haga clic en el enlace de abajo para ver la lista completa.<\/p><ul><li><p class=\"font_8\"><a href=\"https:\/\/www.greenvillesc.gov\/1698\/COVID-19-Business-Resources\" target=\"_blank\" rel=\"noreferrer noopener\">Haga clic aqu\u00ed para ver la lista completa<\/a><\/p><\/li><\/ul><\/li><\/ul>\t\t\t\t\t\t\t\t<\/div>\n\t\t\t\t<\/div>\n\t\t\t\t<div class=\"elementor-element elementor-element-d47f3b5 elementor-widget-divider--view-line elementor-widget elementor-widget-divider\" data-id=\"d47f3b5\" data-element_type=\"widget\" data-e-type=\"widget\" data-widget_type=\"divider.default\">\n\t\t\t\t<div class=\"elementor-widget-container\">\n\t\t\t\t\t\t\t<div class=\"elementor-divider\">\n\t\t\t<span class=\"elementor-divider-separator\">\n\t\t\t\t\t\t<\/span>\n\t\t<\/div>\n\t\t\t\t\t\t<\/div>\n\t\t\t\t<\/div>\n\t\t\t\t<div class=\"elementor-element elementor-element-b1135bb elementor-widget elementor-widget-text-editor\" data-id=\"b1135bb\" data-element_type=\"widget\" data-e-type=\"widget\" data-widget_type=\"text-editor.default\">\n\t\t\t\t<div class=\"elementor-widget-container\">\n\t\t\t\t\t\t\t\t\t<h4 class=\"font_8\"><strong>Obras comunitarias<\/strong><\/h4><div id=\"comp-kckv8760\" class=\"_2Hij5 _3bcaz\" data-testid=\"richTextElement\"><ul class=\"font_8\"><li><p class=\"font_8\">Community Works est\u00e1 disponible para ayudar a las peque\u00f1as empresas afectadas negativamente por COVID-19.<\/p><ul><li><p class=\"font_8\"><a href=\"https:\/\/communityworkscarolina.org\/lending\/covid-relief\/?fbclid=IwAR1kJya45eio9kQ6IHpaCNkRS5tGEcHSohgHrl_HMplxzPv3TD4e0F7z1YQ\" target=\"_blank\" rel=\"noreferrer noopener\">Haga clic aqu\u00ed para m\u00e1s informaci\u00f3n<\/a><\/p><\/li><\/ul><\/li><\/ul><\/div>\t\t\t\t\t\t\t\t<\/div>\n\t\t\t\t<\/div>\n\t\t\t\t<div class=\"elementor-element elementor-element-c49b914 elementor-widget-divider--view-line elementor-widget elementor-widget-divider\" data-id=\"c49b914\" data-element_type=\"widget\" data-e-type=\"widget\" data-widget_type=\"divider.default\">\n\t\t\t\t<div class=\"elementor-widget-container\">\n\t\t\t\t\t\t\t<div class=\"elementor-divider\">\n\t\t\t<span class=\"elementor-divider-separator\">\n\t\t\t\t\t\t<\/span>\n\t\t<\/div>\n\t\t\t\t\t\t<\/div>\n\t\t\t\t<\/div>\n\t\t\t\t<div class=\"elementor-element elementor-element-4761f86 elementor-widget elementor-widget-text-editor\" data-id=\"4761f86\" data-element_type=\"widget\" data-e-type=\"widget\" data-widget_type=\"text-editor.default\">\n\t\t\t\t<div class=\"elementor-widget-container\">\n\t\t\t\t\t\t\t\t\t<div id=\"comp-kckv8760\" class=\"_2Hij5 _3bcaz\" data-testid=\"richTextElement\"><h4 class=\"font_8\"><strong>Desarrollo de peque\u00f1as empresas SC<\/strong><\/h4><ul class=\"font_8\"><li><p class=\"font_8\">Los Centros de Desarrollo de Peque\u00f1as Empresas de Carolina del Sur est\u00e1n comprometidos a ser un recurso para hacer crecer a los empresarios en Carolina del Sur. Visite sus p\u00e1ginas de respuesta al COVID-19 para obtener informaci\u00f3n sobre c\u00f3mo proteger su peque\u00f1a empresa.<\/p><ul><li><p class=\"font_8\"><a href=\"https:\/\/www.scsbdc.com\/covid-19\" target=\"_blank\" rel=\"noreferrer noopener\">Haga clic aqu\u00ed para m\u00e1s informaci\u00f3n<\/a><\/p><\/li><\/ul><\/li><\/ul><\/div>\t\t\t\t\t\t\t\t<\/div>\n\t\t\t\t<\/div>\n\t\t\t\t<div class=\"elementor-element elementor-element-9071ee2 elementor-widget-divider--view-line elementor-widget elementor-widget-divider\" data-id=\"9071ee2\" data-element_type=\"widget\" data-e-type=\"widget\" data-widget_type=\"divider.default\">\n\t\t\t\t<div class=\"elementor-widget-container\">\n\t\t\t\t\t\t\t<div class=\"elementor-divider\">\n\t\t\t<span class=\"elementor-divider-separator\">\n\t\t\t\t\t\t<\/span>\n\t\t<\/div>\n\t\t\t\t\t\t<\/div>\n\t\t\t\t<\/div>\n\t\t\t\t<div class=\"elementor-element elementor-element-5c0d351 elementor-widget elementor-widget-text-editor\" data-id=\"5c0d351\" data-element_type=\"widget\" data-e-type=\"widget\" data-widget_type=\"text-editor.default\">\n\t\t\t\t<div class=\"elementor-widget-container\">\n\t\t\t\t\t\t\t\t\t<div id=\"comp-kckv8760\" class=\"_2Hij5 _3bcaz\" data-testid=\"richTextElement\">\n<div id=\"comp-kckv8760\" class=\"_2Hij5 _3bcaz\" data-testid=\"richTextElement\">\n<h4 class=\"font_8\"><strong>Fondo de pr\u00e9stamos comunitarios de Carolina del Sur<\/strong><\/h4>\n<ul class=\"font_8\">\n<li>\n<p class=\"font_8\">El Fondo de Pr\u00e9stamos Comunitarios de Carolina del Sur ha anunciado la implementaci\u00f3n del Programa de Aceleraci\u00f3n de Emprendedores Locales (LEAP). LEAP tiene como objetivo apoyar la diversidad en la propiedad de peque\u00f1as empresas en Carolina del Sur al proveer a las mujeres y las minor\u00edas empresarias apoyo en el desarrollo del plan de negocios, habilidades t\u00e9cnicas y la oportunidad de competir por un premio de capital inicial.<\/p>\n<ul>\n<li>\n<p class=\"font_8\"><a href=\"https:\/\/sccommunityloanfund.org\/leap\/\" target=\"_blank\" rel=\"noreferrer noopener\">Haga clic aqu\u00ed para m\u00e1s informaci\u00f3n&nbsp;<\/a><\/p><\/li><\/ul><\/li><\/ul><\/div>\n<\/div>\t\t\t\t\t\t\t\t<\/div>\n\t\t\t\t<\/div>\n\t\t\t\t<div class=\"elementor-element elementor-element-15a113b elementor-widget-divider--view-line elementor-widget elementor-widget-divider\" data-id=\"15a113b\" data-element_type=\"widget\" data-e-type=\"widget\" data-widget_type=\"divider.default\">\n\t\t\t\t<div class=\"elementor-widget-container\">\n\t\t\t\t\t\t\t<div class=\"elementor-divider\">\n\t\t\t<span class=\"elementor-divider-separator\">\n\t\t\t\t\t\t<\/span>\n\t\t<\/div>\n\t\t\t\t\t\t<\/div>\n\t\t\t\t<\/div>\n\t\t\t\t<div class=\"elementor-element elementor-element-bd7e9be elementor-widget elementor-widget-text-editor\" data-id=\"bd7e9be\" data-element_type=\"widget\" data-e-type=\"widget\" data-widget_type=\"text-editor.default\">\n\t\t\t\t<div class=\"elementor-widget-container\">\n\t\t\t\t\t\t\t\t\t<div id=\"comp-kckv8760\" class=\"_2Hij5 _3bcaz\" data-testid=\"richTextElement\"><div id=\"comp-kckv8760\" class=\"_2Hij5 _3bcaz\" data-testid=\"richTextElement\"><h4 class=\"font_8\"><strong>ROC\u00cdO SC<\/strong><\/h4><ul class=\"font_8\"><li><p class=\"font_8\">El Departamento de Empleo y Fuerza Laboral de Carolina del Sur, en asociaci\u00f3n con CompTIA, ofrece el programa de becas SC CompTIA IWT para que las empresas mejoren las habilidades de su fuerza laboral.<\/p><ul><li><p class=\"font_8\"><a href=\"https:\/\/www.comptia.org\/landing\/south_carolina\/index.html\" target=\"_blank\" rel=\"noreferrer noopener\">Haga clic aqu\u00ed para m\u00e1s informaci\u00f3n<\/a><\/p><\/li><\/ul><\/li><\/ul><\/div><\/div>\t\t\t\t\t\t\t\t<\/div>\n\t\t\t\t<\/div>\n\t\t\t\t\t<\/div>\n\t\t\t\t<\/div>\n\t\t\t\t<\/div>","protected":false},"excerpt":{"rendered":"<p>\u00a1Una lista de recursos comerciales en el norte del estado de Carolina del Sur para nutrir su esp\u00edritu emprendedor y ayudar a que su negocio prospere! Conectamos a la comunidad y a las agencias asociadas para construir un futuro mejor.<\/p>","protected":false},"author":1,"featured_media":0,"parent":0,"menu_order":0,"comment_status":"closed","ping_status":"closed","template":"","meta":{"_acf_changed":false,"footnotes":""},"main-page-type":[45],"class_list":["post-1031","page","type-page","status-publish","hentry","main-page-type-resources-pages"],"acf":[],"_links":{"self":[{"href":"https:\/\/hispanicalliancesc.com\/es\/wp-json\/wp\/v2\/pages\/1031","targetHints":{"allow":["GET"]}}],"collection":[{"href":"https:\/\/hispanicalliancesc.com\/es\/wp-json\/wp\/v2\/pages"}],"about":[{"href":"https:\/\/hispanicalliancesc.com\/es\/wp-json\/wp\/v2\/types\/page"}],"author":[{"embeddable":true,"href":"https:\/\/hispanicalliancesc.com\/es\/wp-json\/wp\/v2\/users\/1"}],"replies":[{"embeddable":true,"href":"https:\/\/hispanicalliancesc.com\/es\/wp-json\/wp\/v2\/comments?post=1031"}],"version-history":[{"count":0,"href":"https:\/\/hispanicalliancesc.com\/es\/wp-json\/wp\/v2\/pages\/1031\/revisions"}],"wp:attachment":[{"href":"https:\/\/hispanicalliancesc.com\/es\/wp-json\/wp\/v2\/media?parent=1031"}],"wp:term":[{"taxonomy":"main-page-type","embeddable":true,"href":"https:\/\/hispanicalliancesc.com\/es\/wp-json\/wp\/v2\/main-page-type?post=1031"}],"curies":[{"name":"wp","href":"https:\/\/api.w.org\/{rel}","templated":true}]}}